{"id":89,"date":"2020-04-07T20:13:37","date_gmt":"2020-04-07T18:13:37","guid":{"rendered":"https:\/\/interfast-advanced.rs\/?page_id=89"},"modified":"2020-06-24T16:13:02","modified_gmt":"2020-06-24T14:13:02","slug":"sistemi-pametnih-kuca-i-hotelskih-soba","status":"publish","type":"page","link":"https:\/\/interfast-advanced.rs\/en\/resenja\/sistemi-pametnih-kuca-i-hotelskih-soba\/","title":{"rendered":"Smart home and hotel room systems"},"content":{"rendered":"<section class=\"wpb_row vc_row-fluid\"><div class=\"container\"><div class=\"row\"><div class=\"wpb_column vc_column_container vc_col-sm-12 vc_col-lg-3\/5 vc_col-md-3\/5\"><div class=\"vc_column-inner\"><div class=\"wpb_wrapper\"  >\n\t<div class=\"wpb_text_column wpb_content_element\" >\n\t\t<div class=\"wpb_wrapper\">\n\t\t\t<blockquote>\n<p style=\"text-align: center;\">We all want the space we live in to be more comfortable and convenient. At the end of the day full of obligations, to relax, enjoy and not to deal with space, but for him to take care of himself. This is exactly what smart rooms and houses allow.<\/p>\n<\/blockquote>\n<p>Whether it is a hotel room or private accommodation, the smart room system will make visitors feel tucked away and served in the best possible way.<\/p>\n<p>Interfast ASS has many years of experience in space automation and, according to your needs, offers <strong>designing<\/strong>, <strong>installation<\/strong>, <strong>monitoring<\/strong> and <strong>servis<\/strong> a system that will provide a high level of comfort in the premises.<\/p>\n<p>The system of smart rooms consists of several subsystems, and depending on them, a project is made and devices are selected that will best meet the needs. The possibilities are great and, depending on the choice of subsystem, it can be a simple or more demanding system. Some of the subsystems we offer are:<\/p>\n\n\t\t<\/div>\n\t<\/div>\n\n\t<div class=\"wpb_text_column wpb_content_element\" >\n\t\t<div class=\"wpb_wrapper\">\n\t\t\t<ul>\n<li>Lighting control<\/li>\n<li>Temperature control<\/li>\n<li>Audio and video system management<\/li>\n<li>Communication with hotel staff<\/li>\n<li>Access control<\/li>\n<\/ul>\n\n\t\t<\/div>\n\t<\/div>\n\n\t<div class=\"wpb_text_column wpb_content_element\" >\n\t\t<div class=\"wpb_wrapper\">\n\t\t\t<p>Zahvaljuju\u0107i saradnji sa vode\u0107im svetskim proizvo\u0111a\u010dima opreme u prilici smo da sistem baziramo na kvalitetnim komponentama. <strong>Ruteri<\/strong>, <strong>kontroleri<\/strong>, <strong>senzori<\/strong>, <strong>touch paneli<\/strong> and <strong>kontrolne table<\/strong> su testirani, provereni i pa\u017eljivo birani da zadovolje najvi\u0161i nivo kvaliteta i trajnosti.<\/p>\n<h3 style=\"text-align: center;\"><strong>Take hotel service to the next level<\/strong><\/h3>\n<p>In order to retain customers and attract new ones, hotels always try to offer something more and create <strong>a unique experience<\/strong> to every guest. Imagine the following: guests come to the hotel, the staff greets them, gives them the keys and they go to the room. The integrated smart system immediately recognizes that the room is occupied, the lights turn on automatically, the climate is adjusted to the set temperature and the venetian blinds open to provide an exceptional view of the surroundings, all before the guests open the room door. Without any staff intervention, fully automatic, <strong>guests are delighted with the first impression of the hotel<\/strong>.<\/p>\n<h3 style=\"text-align: center;\"><strong>Economical and efficient system<\/strong><\/h3>\n<p>Comfort, convenience and ease of use are not the only advantages of the smart room system. With the control of heating, cooling and ventilation (HVAC), lighting and electricity consumption, the owner of the hotel or apartment also benefits, because all resources are spent exactly as needed.<\/p>\n<p>Interfast ASS provides complete automation and space control. Give yourself or your guests an easier life and a more comfortable stay.<\/p>\n\n\t\t<\/div>\n\t<\/div>\n<\/div><\/div><\/div><\/div><\/div><\/section>","protected":false},"excerpt":{"rendered":"Svi \u017eelimo da prostor u kome boravimo bude udobniji i komforniji. Da se po zavr\u0161etku dana punog obaveza opustimo, u\u017eivamo i da se ne bavimo prostorom nego da se on sam brine o sebi. To je upravo ono \u0161to omogu\u0107avaju pametne sobe i ku\u0107e. Bilo da se radi o hotelskoj sobi ili o privatnom sme\u0161taju, [...]","protected":false},"author":1,"featured_media":0,"parent":859,"menu_order":30,"comment_status":"closed","ping_status":"closed","template":"","meta":{"_monsterinsights_skip_tracking":false,"_monsterinsights_sitenote_active":false,"_monsterinsights_sitenote_note":"","_monsterinsights_sitenote_category":0,"_uf_show_specific_survey":0,"_uf_disable_surveys":false,"footnotes":""},"class_list":["post-89","page","type-page","status-publish","hentry"],"yoast_head":"<!-- This site is optimized with the Yoast SEO plugin v26.3 - https:\/\/yoast.com\/wordpress\/plugins\/seo\/ -->\n<title>Sistemi pametnih ku\u0107a i hotelskih soba - INTERFAST Advanced Security Systems d.o.o.<\/title>\n<meta name=\"robots\" content=\"index, follow, max-snippet:-1, max-image-preview:large, max-video-preview:-1\" \/>\n<link rel=\"canonical\" href=\"https:\/\/interfast-advanced.rs\/en\/resenja\/sistemi-pametnih-kuca-i-hotelskih-soba\/\" \/>\n<meta property=\"og:locale\" content=\"en_US\" \/>\n<meta property=\"og:type\" content=\"article\" \/>\n<meta property=\"og:title\" content=\"Sistemi pametnih ku\u0107a i hotelskih soba - INTERFAST Advanced Security Systems d.o.o.\" \/>\n<meta property=\"og:url\" content=\"https:\/\/interfast-advanced.rs\/en\/resenja\/sistemi-pametnih-kuca-i-hotelskih-soba\/\" \/>\n<meta property=\"og:site_name\" content=\"INTERFAST Advanced Security Systems d.o.o.\" \/>\n<meta property=\"article:publisher\" content=\"https:\/\/www.facebook.com\/InterfastDoo\/\" \/>\n<meta property=\"article:modified_time\" content=\"2020-06-24T14:13:02+00:00\" \/>\n<meta name=\"twitter:card\" content=\"summary_large_image\" \/>\n<meta name=\"twitter:label1\" content=\"Est. reading time\" \/>\n\t<meta name=\"twitter:data1\" content=\"2 minutes\" \/>\n<script type=\"application\/ld+json\" class=\"yoast-schema-graph\">{\"@context\":\"https:\/\/schema.org\",\"@graph\":[{\"@type\":\"WebPage\",\"@id\":\"https:\/\/interfast-advanced.rs\/resenja\/sistemi-pametnih-kuca-i-hotelskih-soba\/\",\"url\":\"https:\/\/interfast-advanced.rs\/resenja\/sistemi-pametnih-kuca-i-hotelskih-soba\/\",\"name\":\"Sistemi pametnih ku\u0107a i hotelskih soba - INTERFAST Advanced Security Systems d.o.o.\",\"isPartOf\":{\"@id\":\"https:\/\/interfast-advanced.rs\/#website\"},\"datePublished\":\"2020-04-07T18:13:37+00:00\",\"dateModified\":\"2020-06-24T14:13:02+00:00\",\"breadcrumb\":{\"@id\":\"https:\/\/interfast-advanced.rs\/resenja\/sistemi-pametnih-kuca-i-hotelskih-soba\/#breadcrumb\"},\"inLanguage\":\"en-US\",\"potentialAction\":[{\"@type\":\"ReadAction\",\"target\":[\"https:\/\/interfast-advanced.rs\/resenja\/sistemi-pametnih-kuca-i-hotelskih-soba\/\"]}]},{\"@type\":\"BreadcrumbList\",\"@id\":\"https:\/\/interfast-advanced.rs\/resenja\/sistemi-pametnih-kuca-i-hotelskih-soba\/#breadcrumb\",\"itemListElement\":[{\"@type\":\"ListItem\",\"position\":1,\"name\":\"Home\",\"item\":\"https:\/\/interfast-advanced.rs\/\"},{\"@type\":\"ListItem\",\"position\":2,\"name\":\"Re\u0161enja\",\"item\":\"https:\/\/interfast-advanced.rs\/resenja\/\"},{\"@type\":\"ListItem\",\"position\":3,\"name\":\"Sistemi pametnih ku\u0107a i hotelskih soba\"}]},{\"@type\":\"WebSite\",\"@id\":\"https:\/\/interfast-advanced.rs\/#website\",\"url\":\"https:\/\/interfast-advanced.rs\/\",\"name\":\"INTERFAST Advanced Security Systems d.o.o.\",\"description\":\"Firma \u201eInterfast Advanced Security Systems\u201c se isklju\u010divo bavi sistemima tehni\u010dke za\u0161tite.\",\"publisher\":{\"@id\":\"https:\/\/interfast-advanced.rs\/#organization\"},\"potentialAction\":[{\"@type\":\"SearchAction\",\"target\":{\"@type\":\"EntryPoint\",\"urlTemplate\":\"https:\/\/interfast-advanced.rs\/?s={search_term_string}\"},\"query-input\":{\"@type\":\"PropertyValueSpecification\",\"valueRequired\":true,\"valueName\":\"search_term_string\"}}],\"inLanguage\":\"en-US\"},{\"@type\":\"Organization\",\"@id\":\"https:\/\/interfast-advanced.rs\/#organization\",\"name\":\"Interfast Advanced Security Systems\",\"url\":\"https:\/\/interfast-advanced.rs\/\",\"logo\":{\"@type\":\"ImageObject\",\"inLanguage\":\"en-US\",\"@id\":\"https:\/\/interfast-advanced.rs\/#\/schema\/logo\/image\/\",\"url\":\"https:\/\/interfast-advanced.rs\/wp-content\/uploads\/2021\/01\/Logo.png\",\"contentUrl\":\"https:\/\/interfast-advanced.rs\/wp-content\/uploads\/2021\/01\/Logo.png\",\"width\":250,\"height\":50,\"caption\":\"Interfast Advanced Security Systems\"},\"image\":{\"@id\":\"https:\/\/interfast-advanced.rs\/#\/schema\/logo\/image\/\"},\"sameAs\":[\"https:\/\/www.facebook.com\/InterfastDoo\/\",\"https:\/\/www.linkedin.com\/company\/interfast-advanced-security-systems\/\",\"https:\/\/www.youtube.com\/channel\/UCXCZWi9mfhF_4FH2-b9L8Ag\"]}]}<\/script>\n<!-- \/ Yoast SEO plugin. -->","yoast_head_json":{"title":"Sistemi pametnih ku\u0107a i hotelskih soba - INTERFAST Advanced Security Systems d.o.o.","robots":{"index":"index","follow":"follow","max-snippet":"max-snippet:-1","max-image-preview":"max-image-preview:large","max-video-preview":"max-video-preview:-1"},"canonical":"https:\/\/interfast-advanced.rs\/en\/resenja\/sistemi-pametnih-kuca-i-hotelskih-soba\/","og_locale":"en_US","og_type":"article","og_title":"Sistemi pametnih ku\u0107a i hotelskih soba - INTERFAST Advanced Security Systems d.o.o.","og_url":"https:\/\/interfast-advanced.rs\/en\/resenja\/sistemi-pametnih-kuca-i-hotelskih-soba\/","og_site_name":"INTERFAST Advanced Security Systems d.o.o.","article_publisher":"https:\/\/www.facebook.com\/InterfastDoo\/","article_modified_time":"2020-06-24T14:13:02+00:00","twitter_card":"summary_large_image","twitter_misc":{"Est. reading time":"2 minutes"},"schema":{"@context":"https:\/\/schema.org","@graph":[{"@type":"WebPage","@id":"https:\/\/interfast-advanced.rs\/resenja\/sistemi-pametnih-kuca-i-hotelskih-soba\/","url":"https:\/\/interfast-advanced.rs\/resenja\/sistemi-pametnih-kuca-i-hotelskih-soba\/","name":"Sistemi pametnih ku\u0107a i hotelskih soba - INTERFAST Advanced Security Systems d.o.o.","isPartOf":{"@id":"https:\/\/interfast-advanced.rs\/#website"},"datePublished":"2020-04-07T18:13:37+00:00","dateModified":"2020-06-24T14:13:02+00:00","breadcrumb":{"@id":"https:\/\/interfast-advanced.rs\/resenja\/sistemi-pametnih-kuca-i-hotelskih-soba\/#breadcrumb"},"inLanguage":"en-US","potentialAction":[{"@type":"ReadAction","target":["https:\/\/interfast-advanced.rs\/resenja\/sistemi-pametnih-kuca-i-hotelskih-soba\/"]}]},{"@type":"BreadcrumbList","@id":"https:\/\/interfast-advanced.rs\/resenja\/sistemi-pametnih-kuca-i-hotelskih-soba\/#breadcrumb","itemListElement":[{"@type":"ListItem","position":1,"name":"Home","item":"https:\/\/interfast-advanced.rs\/"},{"@type":"ListItem","position":2,"name":"Re\u0161enja","item":"https:\/\/interfast-advanced.rs\/resenja\/"},{"@type":"ListItem","position":3,"name":"Sistemi pametnih ku\u0107a i hotelskih soba"}]},{"@type":"WebSite","@id":"https:\/\/interfast-advanced.rs\/#website","url":"https:\/\/interfast-advanced.rs\/","name":"INTERFAST Advanced Security Systems d.o.o.","description":"Firma \u201eInterfast Advanced Security Systems\u201c se isklju\u010divo bavi sistemima tehni\u010dke za\u0161tite.","publisher":{"@id":"https:\/\/interfast-advanced.rs\/#organization"},"potentialAction":[{"@type":"SearchAction","target":{"@type":"EntryPoint","urlTemplate":"https:\/\/interfast-advanced.rs\/?s={search_term_string}"},"query-input":{"@type":"PropertyValueSpecification","valueRequired":true,"valueName":"search_term_string"}}],"inLanguage":"en-US"},{"@type":"Organization","@id":"https:\/\/interfast-advanced.rs\/#organization","name":"Interfast Advanced Security Systems","url":"https:\/\/interfast-advanced.rs\/","logo":{"@type":"ImageObject","inLanguage":"en-US","@id":"https:\/\/interfast-advanced.rs\/#\/schema\/logo\/image\/","url":"https:\/\/interfast-advanced.rs\/wp-content\/uploads\/2021\/01\/Logo.png","contentUrl":"https:\/\/interfast-advanced.rs\/wp-content\/uploads\/2021\/01\/Logo.png","width":250,"height":50,"caption":"Interfast Advanced Security Systems"},"image":{"@id":"https:\/\/interfast-advanced.rs\/#\/schema\/logo\/image\/"},"sameAs":["https:\/\/www.facebook.com\/InterfastDoo\/","https:\/\/www.linkedin.com\/company\/interfast-advanced-security-systems\/","https:\/\/www.youtube.com\/channel\/UCXCZWi9mfhF_4FH2-b9L8Ag"]}]}},"_links":{"self":[{"href":"https:\/\/interfast-advanced.rs\/en\/wp-json\/wp\/v2\/pages\/89","targetHints":{"allow":["GET"]}}],"collection":[{"href":"https:\/\/interfast-advanced.rs\/en\/wp-json\/wp\/v2\/pages"}],"about":[{"href":"https:\/\/interfast-advanced.rs\/en\/wp-json\/wp\/v2\/types\/page"}],"author":[{"embeddable":true,"href":"https:\/\/interfast-advanced.rs\/en\/wp-json\/wp\/v2\/users\/1"}],"replies":[{"embeddable":true,"href":"https:\/\/interfast-advanced.rs\/en\/wp-json\/wp\/v2\/comments?post=89"}],"version-history":[{"count":3,"href":"https:\/\/interfast-advanced.rs\/en\/wp-json\/wp\/v2\/pages\/89\/revisions"}],"predecessor-version":[{"id":1112,"href":"https:\/\/interfast-advanced.rs\/en\/wp-json\/wp\/v2\/pages\/89\/revisions\/1112"}],"up":[{"embeddable":true,"href":"https:\/\/interfast-advanced.rs\/en\/wp-json\/wp\/v2\/pages\/859"}],"wp:attachment":[{"href":"https:\/\/interfast-advanced.rs\/en\/wp-json\/wp\/v2\/media?parent=89"}],"curies":[{"name":"wp","href":"https:\/\/api.w.org\/{rel}","templated":true}]}}