{"id":859,"date":"2020-05-26T10:52:07","date_gmt":"2020-05-26T08:52:07","guid":{"rendered":"https:\/\/interfast-advanced.rs\/?page_id=859"},"modified":"2020-06-24T16:09:19","modified_gmt":"2020-06-24T14:09:19","slug":"resenja","status":"publish","type":"page","link":"https:\/\/interfast-advanced.rs\/en\/resenja\/","title":{"rendered":"Systems"},"content":{"rendered":"<section class=\"wpb_row vc_row-fluid\"><div class=\"container\"><div class=\"row\"><div class=\"wpb_column vc_column_container vc_col-sm-12 vc_col-lg-3\/5 vc_col-md-3\/5\"><div class=\"vc_column-inner\"><div class=\"wpb_wrapper\"  >\n\t<div class=\"wpb_text_column wpb_content_element\" >\n\t\t<div class=\"wpb_wrapper\">\n\t\t\t<blockquote><p>\nThe basic activity code of \"Interfast\" - <strong>4321<\/strong> &#8211; <strong>Installation of electrical equipment<\/strong>, the primary activity of our company in setting:\n<\/p><\/blockquote>\n<ul>\n<li>medium voltage plants<\/li>\n<li>Electric substation<\/li>\n<li>electrical lines and connections<\/li>\n<li>telecommunication lines<\/li>\n<li>lines for computer network and cable television<\/li>\n<li>low current equipment<\/li>\n<li>lighting systems<\/li>\n<li>fire alarms<\/li>\n<li>burglar alarm systems<\/li>\n<li>street lighting and electrical signals<\/li>\n<li>lighting on airport runways<\/li>\n<\/ul>\n<p>Our activity includes delivery, installation, connection, testing and commissioning of complete electrical equipment.<\/p>\n<p>Engineers employed by Interfast are licensed by <strong>Serbian Chamber of Engineers<\/strong>:<\/p>\n<ul>\n<li>350 - Responsible designer of low and medium voltage electrical installations<\/li>\n<li>353 - Responsible designer of telecommunication networks and systems<\/li>\n<li>352 - Responsible designer of electric motor drive control - automation, measurements and regulation<\/li>\n<li>450 - Responsible contractor for low and medium voltage electrical installations<\/li>\n<li>451 - Responsible contractor for high and medium voltage electrical installations - switchyards and electricity transmission<\/li>\n<li>453 - Responsible contractor of telecommunication networks and systems<\/li>\n<\/ul>\n<blockquote><p>\n\"Interfast\" provides <strong>complete customer service<\/strong>, from the preparation of project documentation of strong and weak current, through the execution and supervision of works, and then the maintenance and servicing of electrical installations and equipment.\n<\/p><\/blockquote>\n\n\t\t<\/div>\n\t<\/div>\n<\/div><\/div><\/div><\/div><\/div><\/section>","protected":false},"excerpt":{"rendered":"Osnovnom \u0161ifrom delatnosti \"Interfasta\" - 4321 - Postavljanje elektri\u010dnih instalacija, definisana je primarna delatnost na\u0161e firme u postavljanju: srednjenaponskih postrojenja trafo stanica elektri\u010dnih vodova i priklju\u010daka telekomunikacionih vodova vodova za ra\u010dunarsku mre\u017eu i kablovsku televiziju opreme slabe struje rasvetnih sistema protivpo\u017earnih alarma alarmnih sistema protiv provala uli\u010dne rasvete i elektri\u010dnih signala rasvete na aerodromskim pistama [...]","protected":false},"author":1,"featured_media":0,"parent":0,"menu_order":20,"comment_status":"closed","ping_status":"closed","template":"","meta":{"_monsterinsights_skip_tracking":false,"_monsterinsights_sitenote_active":false,"_monsterinsights_sitenote_note":"","_monsterinsights_sitenote_category":0,"_uf_show_specific_survey":0,"_uf_disable_surveys":false,"footnotes":""},"class_list":["post-859","page","type-page","status-publish","hentry"],"yoast_head":"<!-- This site is optimized with the Yoast SEO plugin v26.3 - https:\/\/yoast.com\/wordpress\/plugins\/seo\/ -->\n<title>Re\u0161enja - INTERFAST Advanced Security Systems d.o.o.<\/title>\n<meta name=\"robots\" content=\"index, follow, max-snippet:-1, max-image-preview:large, max-video-preview:-1\" \/>\n<link rel=\"canonical\" href=\"https:\/\/interfast-advanced.rs\/en\/resenja\/\" \/>\n<meta property=\"og:locale\" content=\"en_US\" \/>\n<meta property=\"og:type\" content=\"article\" \/>\n<meta property=\"og:title\" content=\"Re\u0161enja - INTERFAST Advanced Security Systems d.o.o.\" \/>\n<meta property=\"og:url\" content=\"https:\/\/interfast-advanced.rs\/en\/resenja\/\" \/>\n<meta property=\"og:site_name\" content=\"INTERFAST Advanced Security Systems d.o.o.\" \/>\n<meta property=\"article:publisher\" content=\"https:\/\/www.facebook.com\/InterfastDoo\/\" \/>\n<meta property=\"article:modified_time\" content=\"2020-06-24T14:09:19+00:00\" \/>\n<meta name=\"twitter:card\" content=\"summary_large_image\" \/>\n<meta name=\"twitter:label1\" content=\"Est. reading time\" \/>\n\t<meta name=\"twitter:data1\" content=\"1 minute\" \/>\n<script type=\"application\/ld+json\" class=\"yoast-schema-graph\">{\"@context\":\"https:\/\/schema.org\",\"@graph\":[{\"@type\":\"WebPage\",\"@id\":\"https:\/\/interfast-advanced.rs\/resenja\/\",\"url\":\"https:\/\/interfast-advanced.rs\/resenja\/\",\"name\":\"Re\u0161enja - INTERFAST Advanced Security Systems d.o.o.\",\"isPartOf\":{\"@id\":\"https:\/\/interfast-advanced.rs\/#website\"},\"datePublished\":\"2020-05-26T08:52:07+00:00\",\"dateModified\":\"2020-06-24T14:09:19+00:00\",\"breadcrumb\":{\"@id\":\"https:\/\/interfast-advanced.rs\/resenja\/#breadcrumb\"},\"inLanguage\":\"en-US\",\"potentialAction\":[{\"@type\":\"ReadAction\",\"target\":[\"https:\/\/interfast-advanced.rs\/resenja\/\"]}]},{\"@type\":\"BreadcrumbList\",\"@id\":\"https:\/\/interfast-advanced.rs\/resenja\/#breadcrumb\",\"itemListElement\":[{\"@type\":\"ListItem\",\"position\":1,\"name\":\"Home\",\"item\":\"https:\/\/interfast-advanced.rs\/\"},{\"@type\":\"ListItem\",\"position\":2,\"name\":\"Re\u0161enja\"}]},{\"@type\":\"WebSite\",\"@id\":\"https:\/\/interfast-advanced.rs\/#website\",\"url\":\"https:\/\/interfast-advanced.rs\/\",\"name\":\"INTERFAST Advanced Security Systems d.o.o.\",\"description\":\"Firma \u201eInterfast Advanced Security Systems\u201c se isklju\u010divo bavi sistemima tehni\u010dke za\u0161tite.\",\"publisher\":{\"@id\":\"https:\/\/interfast-advanced.rs\/#organization\"},\"potentialAction\":[{\"@type\":\"SearchAction\",\"target\":{\"@type\":\"EntryPoint\",\"urlTemplate\":\"https:\/\/interfast-advanced.rs\/?s={search_term_string}\"},\"query-input\":{\"@type\":\"PropertyValueSpecification\",\"valueRequired\":true,\"valueName\":\"search_term_string\"}}],\"inLanguage\":\"en-US\"},{\"@type\":\"Organization\",\"@id\":\"https:\/\/interfast-advanced.rs\/#organization\",\"name\":\"Interfast Advanced Security Systems\",\"url\":\"https:\/\/interfast-advanced.rs\/\",\"logo\":{\"@type\":\"ImageObject\",\"inLanguage\":\"en-US\",\"@id\":\"https:\/\/interfast-advanced.rs\/#\/schema\/logo\/image\/\",\"url\":\"https:\/\/interfast-advanced.rs\/wp-content\/uploads\/2021\/01\/Logo.png\",\"contentUrl\":\"https:\/\/interfast-advanced.rs\/wp-content\/uploads\/2021\/01\/Logo.png\",\"width\":250,\"height\":50,\"caption\":\"Interfast Advanced Security Systems\"},\"image\":{\"@id\":\"https:\/\/interfast-advanced.rs\/#\/schema\/logo\/image\/\"},\"sameAs\":[\"https:\/\/www.facebook.com\/InterfastDoo\/\",\"https:\/\/www.linkedin.com\/company\/interfast-advanced-security-systems\/\",\"https:\/\/www.youtube.com\/channel\/UCXCZWi9mfhF_4FH2-b9L8Ag\"]}]}<\/script>\n<!-- \/ Yoast SEO plugin. -->","yoast_head_json":{"title":"Re\u0161enja - INTERFAST Advanced Security Systems d.o.o.","robots":{"index":"index","follow":"follow","max-snippet":"max-snippet:-1","max-image-preview":"max-image-preview:large","max-video-preview":"max-video-preview:-1"},"canonical":"https:\/\/interfast-advanced.rs\/en\/resenja\/","og_locale":"en_US","og_type":"article","og_title":"Re\u0161enja - INTERFAST Advanced Security Systems d.o.o.","og_url":"https:\/\/interfast-advanced.rs\/en\/resenja\/","og_site_name":"INTERFAST Advanced Security Systems d.o.o.","article_publisher":"https:\/\/www.facebook.com\/InterfastDoo\/","article_modified_time":"2020-06-24T14:09:19+00:00","twitter_card":"summary_large_image","twitter_misc":{"Est. reading time":"1 minute"},"schema":{"@context":"https:\/\/schema.org","@graph":[{"@type":"WebPage","@id":"https:\/\/interfast-advanced.rs\/resenja\/","url":"https:\/\/interfast-advanced.rs\/resenja\/","name":"Re\u0161enja - INTERFAST Advanced Security Systems d.o.o.","isPartOf":{"@id":"https:\/\/interfast-advanced.rs\/#website"},"datePublished":"2020-05-26T08:52:07+00:00","dateModified":"2020-06-24T14:09:19+00:00","breadcrumb":{"@id":"https:\/\/interfast-advanced.rs\/resenja\/#breadcrumb"},"inLanguage":"en-US","potentialAction":[{"@type":"ReadAction","target":["https:\/\/interfast-advanced.rs\/resenja\/"]}]},{"@type":"BreadcrumbList","@id":"https:\/\/interfast-advanced.rs\/resenja\/#breadcrumb","itemListElement":[{"@type":"ListItem","position":1,"name":"Home","item":"https:\/\/interfast-advanced.rs\/"},{"@type":"ListItem","position":2,"name":"Re\u0161enja"}]},{"@type":"WebSite","@id":"https:\/\/interfast-advanced.rs\/#website","url":"https:\/\/interfast-advanced.rs\/","name":"INTERFAST Advanced Security Systems d.o.o.","description":"Firma \u201eInterfast Advanced Security Systems\u201c se isklju\u010divo bavi sistemima tehni\u010dke za\u0161tite.","publisher":{"@id":"https:\/\/interfast-advanced.rs\/#organization"},"potentialAction":[{"@type":"SearchAction","target":{"@type":"EntryPoint","urlTemplate":"https:\/\/interfast-advanced.rs\/?s={search_term_string}"},"query-input":{"@type":"PropertyValueSpecification","valueRequired":true,"valueName":"search_term_string"}}],"inLanguage":"en-US"},{"@type":"Organization","@id":"https:\/\/interfast-advanced.rs\/#organization","name":"Interfast Advanced Security Systems","url":"https:\/\/interfast-advanced.rs\/","logo":{"@type":"ImageObject","inLanguage":"en-US","@id":"https:\/\/interfast-advanced.rs\/#\/schema\/logo\/image\/","url":"https:\/\/interfast-advanced.rs\/wp-content\/uploads\/2021\/01\/Logo.png","contentUrl":"https:\/\/interfast-advanced.rs\/wp-content\/uploads\/2021\/01\/Logo.png","width":250,"height":50,"caption":"Interfast Advanced Security Systems"},"image":{"@id":"https:\/\/interfast-advanced.rs\/#\/schema\/logo\/image\/"},"sameAs":["https:\/\/www.facebook.com\/InterfastDoo\/","https:\/\/www.linkedin.com\/company\/interfast-advanced-security-systems\/","https:\/\/www.youtube.com\/channel\/UCXCZWi9mfhF_4FH2-b9L8Ag"]}]}},"_links":{"self":[{"href":"https:\/\/interfast-advanced.rs\/en\/wp-json\/wp\/v2\/pages\/859","targetHints":{"allow":["GET"]}}],"collection":[{"href":"https:\/\/interfast-advanced.rs\/en\/wp-json\/wp\/v2\/pages"}],"about":[{"href":"https:\/\/interfast-advanced.rs\/en\/wp-json\/wp\/v2\/types\/page"}],"author":[{"embeddable":true,"href":"https:\/\/interfast-advanced.rs\/en\/wp-json\/wp\/v2\/users\/1"}],"replies":[{"embeddable":true,"href":"https:\/\/interfast-advanced.rs\/en\/wp-json\/wp\/v2\/comments?post=859"}],"version-history":[{"count":1,"href":"https:\/\/interfast-advanced.rs\/en\/wp-json\/wp\/v2\/pages\/859\/revisions"}],"predecessor-version":[{"id":1079,"href":"https:\/\/interfast-advanced.rs\/en\/wp-json\/wp\/v2\/pages\/859\/revisions\/1079"}],"wp:attachment":[{"href":"https:\/\/interfast-advanced.rs\/en\/wp-json\/wp\/v2\/media?parent=859"}],"curies":[{"name":"wp","href":"https:\/\/api.w.org\/{rel}","templated":true}]}}