{"id":83,"date":"2020-04-07T20:08:50","date_gmt":"2020-04-07T18:08:50","guid":{"rendered":"https:\/\/interfast-advanced.rs\/?page_id=83"},"modified":"2020-06-24T16:11:58","modified_gmt":"2020-06-24T14:11:58","slug":"video-obezbedjenje","status":"publish","type":"page","link":"https:\/\/interfast-advanced.rs\/en\/resenja\/video-obezbedjenje\/","title":{"rendered":"Video security"},"content":{"rendered":"<section class=\"wpb_row vc_row-fluid\"><div class=\"container\"><div class=\"row\"><div class=\"wpb_column vc_column_container vc_col-sm-12 vc_col-lg-3\/5 vc_col-md-3\/5\"><div class=\"vc_column-inner\"><div class=\"wpb_wrapper\"  >\n\t<div class=\"wpb_text_column wpb_content_element\" >\n\t\t<div class=\"wpb_wrapper\">\n\t\t\t<blockquote>\n<p style=\"text-align: center;\">Insight into what is happening on the site is very important for business and for security in general. Video surveillance is a key component in the security system that helps reduce crime, protects people and property, and enables the documentation of events in and around the facility.<\/p>\n<\/blockquote>\n<p>Interfast ASS designs, installs, maintains and upgrades video surveillance systems of all types. From simple, home installations to large video surveillance systems that extend to multiple locations.<\/p>\n<h3 style=\"text-align: center;\"><strong>Modern equipment and experienced technicians<\/strong><\/h3>\n<p>We have a professional team of engineers and technicians to help you design a video surveillance system according to your needs. We use the most modern devices from the manufacturer <strong>Dahua<\/strong> and <strong>Hikvision<\/strong> including:<\/p>\n\n\t\t<\/div>\n\t<\/div>\n\n\t<div class=\"wpb_text_column wpb_content_element\" >\n\t\t<div class=\"wpb_wrapper\">\n\t\t\t<ul>\n<li>IP and thermal cameras<\/li>\n<li>NVR and DVR recorders<\/li>\n<li>PoE switches<\/li>\n<li>Monitor<\/li>\n<\/ul>\n\n\t\t<\/div>\n\t<\/div>\n\n\t<div class=\"wpb_text_column wpb_content_element\" >\n\t\t<div class=\"wpb_wrapper\">\n\t\t\t<p>We offer modern, network cameras (IP) <strong>high resolution and exceptional sharpness<\/strong>. IP cameras also allow <strong>video analytics<\/strong> so the system can send notifications and automatically start recording if the camera registers movement in its field of vision. You can set the system to monitor for such events and send a notification along with the recording directly to you on your phone when they occur.<\/p>\n<p>All cameras in the system require a central recorder to record and archive recordings. Interfast ASS offers different models of digital (DVR) and network (NVR) recorders <strong>video up to 4K resolution<\/strong>. NVR recorders are usually connected with PoE (Power over Ethernet) sockets, so you do not have to have an indented Ethernet network, but an existing electrical installation is used.<\/p>\n<h3 style=\"text-align: center;\"><strong>Security and insight into events<\/strong><\/h3>\n<p>In addition to the peace and security it provides, our video surveillance system helps you to:<\/p>\n\n\t\t<\/div>\n\t<\/div>\n\n\t<div class=\"wpb_text_column wpb_content_element\" >\n\t\t<div class=\"wpb_wrapper\">\n\t\t\t<ul>\n<li>Prevent the loss of property or reduce the income generated by theft<\/li>\n<li>You detect the destruction of property, facilities or important data<\/li>\n<li>You document events important to the business<\/li>\n<li>You get an insight into the events on the location at any time and from any place<\/li>\n<\/ul>\n\n\t\t<\/div>\n\t<\/div>\n\n\t<div class=\"wpb_text_column wpb_content_element\" >\n\t\t<div class=\"wpb_wrapper\">\n\t\t\t<p>Interfast ASS integrates all devices into a modern, complete video surveillance system. Reduce theft and vandalism, monitor productivity and record important events in a timely manner. It's like you're really here.<\/p>\n\n\t\t<\/div>\n\t<\/div>\n<\/div><\/div><\/div><\/div><\/div><\/section>","protected":false},"excerpt":{"rendered":"Uvid u de\u0161avanja na lokaciji je veoma va\u017ean za posao i za bezbednost uop\u0161te. Video nadzor je klju\u010dna komponenta u sistemu bezbednosti koja poma\u017ee u smanjenju kriminala, \u0161titi osobe i imovinu i omogu\u0107ava dokumentovanje doga\u0111aja u objektu i njegovoj okolini. Interfast ASS projektuje, postavlja, odr\u017eava i nadogra\u0111uje sisteme video nadzora svake vrste. Od jednostavnih, ku\u0107nih [...]","protected":false},"author":1,"featured_media":0,"parent":859,"menu_order":20,"comment_status":"closed","ping_status":"closed","template":"","meta":{"_monsterinsights_skip_tracking":false,"_monsterinsights_sitenote_active":false,"_monsterinsights_sitenote_note":"","_monsterinsights_sitenote_category":0,"_uf_show_specific_survey":0,"_uf_disable_surveys":false,"footnotes":""},"class_list":["post-83","page","type-page","status-publish","hentry"],"yoast_head":"<!-- This site is optimized with the Yoast SEO plugin v26.3 - https:\/\/yoast.com\/wordpress\/plugins\/seo\/ -->\n<title>Video obezbe\u0111enje - INTERFAST Advanced Security Systems d.o.o.<\/title>\n<meta name=\"robots\" content=\"index, follow, max-snippet:-1, max-image-preview:large, max-video-preview:-1\" \/>\n<link rel=\"canonical\" href=\"https:\/\/interfast-advanced.rs\/en\/resenja\/video-obezbedjenje\/\" \/>\n<meta property=\"og:locale\" content=\"en_US\" \/>\n<meta property=\"og:type\" content=\"article\" \/>\n<meta property=\"og:title\" content=\"Video obezbe\u0111enje - INTERFAST Advanced Security Systems d.o.o.\" \/>\n<meta property=\"og:url\" content=\"https:\/\/interfast-advanced.rs\/en\/resenja\/video-obezbedjenje\/\" \/>\n<meta property=\"og:site_name\" content=\"INTERFAST Advanced Security Systems d.o.o.\" \/>\n<meta property=\"article:publisher\" content=\"https:\/\/www.facebook.com\/InterfastDoo\/\" \/>\n<meta property=\"article:modified_time\" content=\"2020-06-24T14:11:58+00:00\" \/>\n<meta name=\"twitter:card\" content=\"summary_large_image\" \/>\n<meta name=\"twitter:label1\" content=\"Est. reading time\" \/>\n\t<meta name=\"twitter:data1\" content=\"2 minutes\" \/>\n<script type=\"application\/ld+json\" class=\"yoast-schema-graph\">{\"@context\":\"https:\/\/schema.org\",\"@graph\":[{\"@type\":\"WebPage\",\"@id\":\"https:\/\/interfast-advanced.rs\/resenja\/video-obezbedjenje\/\",\"url\":\"https:\/\/interfast-advanced.rs\/resenja\/video-obezbedjenje\/\",\"name\":\"Video obezbe\u0111enje - INTERFAST Advanced Security Systems d.o.o.\",\"isPartOf\":{\"@id\":\"https:\/\/interfast-advanced.rs\/#website\"},\"datePublished\":\"2020-04-07T18:08:50+00:00\",\"dateModified\":\"2020-06-24T14:11:58+00:00\",\"breadcrumb\":{\"@id\":\"https:\/\/interfast-advanced.rs\/resenja\/video-obezbedjenje\/#breadcrumb\"},\"inLanguage\":\"en-US\",\"potentialAction\":[{\"@type\":\"ReadAction\",\"target\":[\"https:\/\/interfast-advanced.rs\/resenja\/video-obezbedjenje\/\"]}]},{\"@type\":\"BreadcrumbList\",\"@id\":\"https:\/\/interfast-advanced.rs\/resenja\/video-obezbedjenje\/#breadcrumb\",\"itemListElement\":[{\"@type\":\"ListItem\",\"position\":1,\"name\":\"Home\",\"item\":\"https:\/\/interfast-advanced.rs\/\"},{\"@type\":\"ListItem\",\"position\":2,\"name\":\"Re\u0161enja\",\"item\":\"https:\/\/interfast-advanced.rs\/resenja\/\"},{\"@type\":\"ListItem\",\"position\":3,\"name\":\"Video obezbe\u0111enje\"}]},{\"@type\":\"WebSite\",\"@id\":\"https:\/\/interfast-advanced.rs\/#website\",\"url\":\"https:\/\/interfast-advanced.rs\/\",\"name\":\"INTERFAST Advanced Security Systems d.o.o.\",\"description\":\"Firma \u201eInterfast Advanced Security Systems\u201c se isklju\u010divo bavi sistemima tehni\u010dke za\u0161tite.\",\"publisher\":{\"@id\":\"https:\/\/interfast-advanced.rs\/#organization\"},\"potentialAction\":[{\"@type\":\"SearchAction\",\"target\":{\"@type\":\"EntryPoint\",\"urlTemplate\":\"https:\/\/interfast-advanced.rs\/?s={search_term_string}\"},\"query-input\":{\"@type\":\"PropertyValueSpecification\",\"valueRequired\":true,\"valueName\":\"search_term_string\"}}],\"inLanguage\":\"en-US\"},{\"@type\":\"Organization\",\"@id\":\"https:\/\/interfast-advanced.rs\/#organization\",\"name\":\"Interfast Advanced Security Systems\",\"url\":\"https:\/\/interfast-advanced.rs\/\",\"logo\":{\"@type\":\"ImageObject\",\"inLanguage\":\"en-US\",\"@id\":\"https:\/\/interfast-advanced.rs\/#\/schema\/logo\/image\/\",\"url\":\"https:\/\/interfast-advanced.rs\/wp-content\/uploads\/2021\/01\/Logo.png\",\"contentUrl\":\"https:\/\/interfast-advanced.rs\/wp-content\/uploads\/2021\/01\/Logo.png\",\"width\":250,\"height\":50,\"caption\":\"Interfast Advanced Security Systems\"},\"image\":{\"@id\":\"https:\/\/interfast-advanced.rs\/#\/schema\/logo\/image\/\"},\"sameAs\":[\"https:\/\/www.facebook.com\/InterfastDoo\/\",\"https:\/\/www.linkedin.com\/company\/interfast-advanced-security-systems\/\",\"https:\/\/www.youtube.com\/channel\/UCXCZWi9mfhF_4FH2-b9L8Ag\"]}]}<\/script>\n<!-- \/ Yoast SEO plugin. -->","yoast_head_json":{"title":"Video obezbe\u0111enje - INTERFAST Advanced Security Systems d.o.o.","robots":{"index":"index","follow":"follow","max-snippet":"max-snippet:-1","max-image-preview":"max-image-preview:large","max-video-preview":"max-video-preview:-1"},"canonical":"https:\/\/interfast-advanced.rs\/en\/resenja\/video-obezbedjenje\/","og_locale":"en_US","og_type":"article","og_title":"Video obezbe\u0111enje - INTERFAST Advanced Security Systems d.o.o.","og_url":"https:\/\/interfast-advanced.rs\/en\/resenja\/video-obezbedjenje\/","og_site_name":"INTERFAST Advanced Security Systems d.o.o.","article_publisher":"https:\/\/www.facebook.com\/InterfastDoo\/","article_modified_time":"2020-06-24T14:11:58+00:00","twitter_card":"summary_large_image","twitter_misc":{"Est. reading time":"2 minutes"},"schema":{"@context":"https:\/\/schema.org","@graph":[{"@type":"WebPage","@id":"https:\/\/interfast-advanced.rs\/resenja\/video-obezbedjenje\/","url":"https:\/\/interfast-advanced.rs\/resenja\/video-obezbedjenje\/","name":"Video obezbe\u0111enje - INTERFAST Advanced Security Systems d.o.o.","isPartOf":{"@id":"https:\/\/interfast-advanced.rs\/#website"},"datePublished":"2020-04-07T18:08:50+00:00","dateModified":"2020-06-24T14:11:58+00:00","breadcrumb":{"@id":"https:\/\/interfast-advanced.rs\/resenja\/video-obezbedjenje\/#breadcrumb"},"inLanguage":"en-US","potentialAction":[{"@type":"ReadAction","target":["https:\/\/interfast-advanced.rs\/resenja\/video-obezbedjenje\/"]}]},{"@type":"BreadcrumbList","@id":"https:\/\/interfast-advanced.rs\/resenja\/video-obezbedjenje\/#breadcrumb","itemListElement":[{"@type":"ListItem","position":1,"name":"Home","item":"https:\/\/interfast-advanced.rs\/"},{"@type":"ListItem","position":2,"name":"Re\u0161enja","item":"https:\/\/interfast-advanced.rs\/resenja\/"},{"@type":"ListItem","position":3,"name":"Video obezbe\u0111enje"}]},{"@type":"WebSite","@id":"https:\/\/interfast-advanced.rs\/#website","url":"https:\/\/interfast-advanced.rs\/","name":"INTERFAST Advanced Security Systems d.o.o.","description":"Firma \u201eInterfast Advanced Security Systems\u201c se isklju\u010divo bavi sistemima tehni\u010dke za\u0161tite.","publisher":{"@id":"https:\/\/interfast-advanced.rs\/#organization"},"potentialAction":[{"@type":"SearchAction","target":{"@type":"EntryPoint","urlTemplate":"https:\/\/interfast-advanced.rs\/?s={search_term_string}"},"query-input":{"@type":"PropertyValueSpecification","valueRequired":true,"valueName":"search_term_string"}}],"inLanguage":"en-US"},{"@type":"Organization","@id":"https:\/\/interfast-advanced.rs\/#organization","name":"Interfast Advanced Security Systems","url":"https:\/\/interfast-advanced.rs\/","logo":{"@type":"ImageObject","inLanguage":"en-US","@id":"https:\/\/interfast-advanced.rs\/#\/schema\/logo\/image\/","url":"https:\/\/interfast-advanced.rs\/wp-content\/uploads\/2021\/01\/Logo.png","contentUrl":"https:\/\/interfast-advanced.rs\/wp-content\/uploads\/2021\/01\/Logo.png","width":250,"height":50,"caption":"Interfast Advanced Security Systems"},"image":{"@id":"https:\/\/interfast-advanced.rs\/#\/schema\/logo\/image\/"},"sameAs":["https:\/\/www.facebook.com\/InterfastDoo\/","https:\/\/www.linkedin.com\/company\/interfast-advanced-security-systems\/","https:\/\/www.youtube.com\/channel\/UCXCZWi9mfhF_4FH2-b9L8Ag"]}]}},"_links":{"self":[{"href":"https:\/\/interfast-advanced.rs\/en\/wp-json\/wp\/v2\/pages\/83","targetHints":{"allow":["GET"]}}],"collection":[{"href":"https:\/\/interfast-advanced.rs\/en\/wp-json\/wp\/v2\/pages"}],"about":[{"href":"https:\/\/interfast-advanced.rs\/en\/wp-json\/wp\/v2\/types\/page"}],"author":[{"embeddable":true,"href":"https:\/\/interfast-advanced.rs\/en\/wp-json\/wp\/v2\/users\/1"}],"replies":[{"embeddable":true,"href":"https:\/\/interfast-advanced.rs\/en\/wp-json\/wp\/v2\/comments?post=83"}],"version-history":[{"count":3,"href":"https:\/\/interfast-advanced.rs\/en\/wp-json\/wp\/v2\/pages\/83\/revisions"}],"predecessor-version":[{"id":1110,"href":"https:\/\/interfast-advanced.rs\/en\/wp-json\/wp\/v2\/pages\/83\/revisions\/1110"}],"up":[{"embeddable":true,"href":"https:\/\/interfast-advanced.rs\/en\/wp-json\/wp\/v2\/pages\/859"}],"wp:attachment":[{"href":"https:\/\/interfast-advanced.rs\/en\/wp-json\/wp\/v2\/media?parent=83"}],"curies":[{"name":"wp","href":"https:\/\/api.w.org\/{rel}","templated":true}]}}