{"id":78,"date":"2020-04-07T20:01:42","date_gmt":"2020-04-07T18:01:42","guid":{"rendered":"https:\/\/interfast-advanced.rs\/?page_id=78"},"modified":"2020-07-10T17:02:58","modified_gmt":"2020-07-10T15:02:58","slug":"sistemi-dojave-pozara-i-detekcije-opasnih-gasova","status":"publish","type":"page","link":"https:\/\/interfast-advanced.rs\/en\/resenja\/sistemi-dojave-pozara-i-detekcije-opasnih-gasova\/","title":{"rendered":"Fire alarm systems and hazardous gas detection"},"content":{"rendered":"<section class=\"wpb_row vc_row-fluid\"><div class=\"container\"><div class=\"row\"><div class=\"wpb_column vc_column_container vc_col-sm-12 vc_col-lg-3\/5 vc_col-md-3\/5\"><div class=\"vc_column-inner\"><div class=\"wpb_wrapper\"  >\n\t<div class=\"wpb_text_column wpb_content_element\" >\n\t\t<div class=\"wpb_wrapper\">\n\t\t\t<blockquote>\n<p style=\"text-align: center;\">Sometimes the calculated risk pays off. But when it comes to burglary or fire, why take the risk. Persons may be exposed to danger and property acquired over the years may disappear in an instant.<\/p>\n<\/blockquote>\n<p>Interfast ASS offers a full range of modern solutions and products, designed to ensure that people, facilities and property are quickly and efficiently protected and preserved.<\/p>\n<p>Fire and burglary detection and alarm systems usually consist of <strong>control units<\/strong>, <strong>alarm sirens<\/strong>, <strong>communications<\/strong> via telephone line, mobile network or internet and sensors that enable detection. In order to cover all possible situations and minimize the risk, we install the following sensors:<\/p>\n\n\t\t<\/div>\n\t<\/div>\n\n\t<div class=\"wpb_text_column wpb_content_element\" >\n\t\t<div class=\"wpb_wrapper\">\n\t\t\t<ul>\n<li>smoke detector<\/li>\n<li>elevated heat detectors<\/li>\n<li>motion detectors (infrared, microwave or ultrasonic)<\/li>\n<li>sound detectors (glass breakage)<\/li>\n<li>magnetic detectors (for doors and windows)<\/li>\n<li>floor pressure detectors<\/li>\n<\/ul>\n\n\t\t<\/div>\n\t<\/div>\n\n\t<div class=\"wpb_text_column wpb_content_element\" >\n\t\t<div class=\"wpb_wrapper\">\n\t\t\t<h3 style=\"text-align: center;\"><strong>Quality products and trained engineers<\/strong><\/h3>\n<p>In the design and manufacture of security systems we use products from renowned world manufacturers, <strong>Schrack Seconet<\/strong>, <strong>Paradox<\/strong> and <strong>DSC<\/strong>. We have licenses from the Ministry of the Interior for the development of major fire protection projects as well as a license for the design and implementation of special fire protection systems and measures.<\/p>\n<h3 style=\"text-align: center;\"><strong>Complete service, from counseling to inspection<\/strong><\/h3>\n<p>Whether you want to upgrade your existing system or introduce fire and burglary detection and detection systems for the first time, Interfast ASS offers consulting services, documentation, installation of fire detection and burglary detection and detection systems and works. We design and perform works in residential and commercial buildings. After successful installation and commissioning, we also offer technical maintenance, service and inspection of all systems.<\/p>\n<h3 style=\"text-align: center;\"><strong>Minimize the risk<\/strong><\/h3>\n<p>With professional engineers and reliable, modern products that are easy to handle, you can be sure that your property will be safe and that people in your premises will be safe and protected.<\/p>\n\n\t\t<\/div>\n\t<\/div>\n<\/div><\/div><\/div><\/div><\/div><\/section>","protected":false},"excerpt":{"rendered":"Ponekad se kalkulisani rizik isplati. Ali kada je re\u010d o provali ili po\u017earu, za\u0161to rizikovati. Lica mogu biti izlo\u017eena opasnosti a godinama sticana imovina mo\u017ee u trenutku da nestane. Interfast ASS nudi \u010ditav spektar modernih re\u0161enja i proizvoda, dizajniranih sa ciljem da ljudi, objekti i imovina budu brzo i efikasno za\u0161ti\u0107eni i sa\u010duvani. Sistemi detekcije [...]","protected":false},"author":1,"featured_media":0,"parent":859,"menu_order":10,"comment_status":"closed","ping_status":"closed","template":"","meta":{"_monsterinsights_skip_tracking":false,"_monsterinsights_sitenote_active":false,"_monsterinsights_sitenote_note":"","_monsterinsights_sitenote_category":0,"_uf_show_specific_survey":0,"_uf_disable_surveys":false,"footnotes":""},"class_list":["post-78","page","type-page","status-publish","hentry"],"yoast_head":"<!-- This site is optimized with the Yoast SEO plugin v26.3 - https:\/\/yoast.com\/wordpress\/plugins\/seo\/ -->\n<title>Sistemi dojave po\u017eara i detekcije opasnih gasova - INTERFAST Advanced Security Systems d.o.o.<\/title>\n<meta name=\"robots\" content=\"index, follow, max-snippet:-1, max-image-preview:large, max-video-preview:-1\" \/>\n<link rel=\"canonical\" href=\"https:\/\/interfast-advanced.rs\/en\/resenja\/sistemi-dojave-pozara-i-detekcije-opasnih-gasova\/\" \/>\n<meta property=\"og:locale\" content=\"en_US\" \/>\n<meta property=\"og:type\" content=\"article\" \/>\n<meta property=\"og:title\" content=\"Sistemi dojave po\u017eara i detekcije opasnih gasova - INTERFAST Advanced Security Systems d.o.o.\" \/>\n<meta property=\"og:url\" content=\"https:\/\/interfast-advanced.rs\/en\/resenja\/sistemi-dojave-pozara-i-detekcije-opasnih-gasova\/\" \/>\n<meta property=\"og:site_name\" content=\"INTERFAST Advanced Security Systems d.o.o.\" \/>\n<meta property=\"article:publisher\" content=\"https:\/\/www.facebook.com\/InterfastDoo\/\" \/>\n<meta property=\"article:modified_time\" content=\"2020-07-10T15:02:58+00:00\" \/>\n<meta name=\"twitter:card\" content=\"summary_large_image\" \/>\n<meta name=\"twitter:label1\" content=\"Est. reading time\" \/>\n\t<meta name=\"twitter:data1\" content=\"2 minutes\" \/>\n<script type=\"application\/ld+json\" class=\"yoast-schema-graph\">{\"@context\":\"https:\/\/schema.org\",\"@graph\":[{\"@type\":\"WebPage\",\"@id\":\"https:\/\/interfast-advanced.rs\/resenja\/sistemi-dojave-pozara-i-detekcije-opasnih-gasova\/\",\"url\":\"https:\/\/interfast-advanced.rs\/resenja\/sistemi-dojave-pozara-i-detekcije-opasnih-gasova\/\",\"name\":\"Sistemi dojave po\u017eara i detekcije opasnih gasova - INTERFAST Advanced Security Systems d.o.o.\",\"isPartOf\":{\"@id\":\"https:\/\/interfast-advanced.rs\/#website\"},\"datePublished\":\"2020-04-07T18:01:42+00:00\",\"dateModified\":\"2020-07-10T15:02:58+00:00\",\"breadcrumb\":{\"@id\":\"https:\/\/interfast-advanced.rs\/resenja\/sistemi-dojave-pozara-i-detekcije-opasnih-gasova\/#breadcrumb\"},\"inLanguage\":\"en-US\",\"potentialAction\":[{\"@type\":\"ReadAction\",\"target\":[\"https:\/\/interfast-advanced.rs\/resenja\/sistemi-dojave-pozara-i-detekcije-opasnih-gasova\/\"]}]},{\"@type\":\"BreadcrumbList\",\"@id\":\"https:\/\/interfast-advanced.rs\/resenja\/sistemi-dojave-pozara-i-detekcije-opasnih-gasova\/#breadcrumb\",\"itemListElement\":[{\"@type\":\"ListItem\",\"position\":1,\"name\":\"Home\",\"item\":\"https:\/\/interfast-advanced.rs\/\"},{\"@type\":\"ListItem\",\"position\":2,\"name\":\"Re\u0161enja\",\"item\":\"https:\/\/interfast-advanced.rs\/resenja\/\"},{\"@type\":\"ListItem\",\"position\":3,\"name\":\"Sistemi dojave po\u017eara i detekcije opasnih gasova\"}]},{\"@type\":\"WebSite\",\"@id\":\"https:\/\/interfast-advanced.rs\/#website\",\"url\":\"https:\/\/interfast-advanced.rs\/\",\"name\":\"INTERFAST Advanced Security Systems d.o.o.\",\"description\":\"Firma \u201eInterfast Advanced Security Systems\u201c se isklju\u010divo bavi sistemima tehni\u010dke za\u0161tite.\",\"publisher\":{\"@id\":\"https:\/\/interfast-advanced.rs\/#organization\"},\"potentialAction\":[{\"@type\":\"SearchAction\",\"target\":{\"@type\":\"EntryPoint\",\"urlTemplate\":\"https:\/\/interfast-advanced.rs\/?s={search_term_string}\"},\"query-input\":{\"@type\":\"PropertyValueSpecification\",\"valueRequired\":true,\"valueName\":\"search_term_string\"}}],\"inLanguage\":\"en-US\"},{\"@type\":\"Organization\",\"@id\":\"https:\/\/interfast-advanced.rs\/#organization\",\"name\":\"Interfast Advanced Security Systems\",\"url\":\"https:\/\/interfast-advanced.rs\/\",\"logo\":{\"@type\":\"ImageObject\",\"inLanguage\":\"en-US\",\"@id\":\"https:\/\/interfast-advanced.rs\/#\/schema\/logo\/image\/\",\"url\":\"https:\/\/interfast-advanced.rs\/wp-content\/uploads\/2021\/01\/Logo.png\",\"contentUrl\":\"https:\/\/interfast-advanced.rs\/wp-content\/uploads\/2021\/01\/Logo.png\",\"width\":250,\"height\":50,\"caption\":\"Interfast Advanced Security Systems\"},\"image\":{\"@id\":\"https:\/\/interfast-advanced.rs\/#\/schema\/logo\/image\/\"},\"sameAs\":[\"https:\/\/www.facebook.com\/InterfastDoo\/\",\"https:\/\/www.linkedin.com\/company\/interfast-advanced-security-systems\/\",\"https:\/\/www.youtube.com\/channel\/UCXCZWi9mfhF_4FH2-b9L8Ag\"]}]}<\/script>\n<!-- \/ Yoast SEO plugin. -->","yoast_head_json":{"title":"Sistemi dojave po\u017eara i detekcije opasnih gasova - INTERFAST Advanced Security Systems d.o.o.","robots":{"index":"index","follow":"follow","max-snippet":"max-snippet:-1","max-image-preview":"max-image-preview:large","max-video-preview":"max-video-preview:-1"},"canonical":"https:\/\/interfast-advanced.rs\/en\/resenja\/sistemi-dojave-pozara-i-detekcije-opasnih-gasova\/","og_locale":"en_US","og_type":"article","og_title":"Sistemi dojave po\u017eara i detekcije opasnih gasova - INTERFAST Advanced Security Systems d.o.o.","og_url":"https:\/\/interfast-advanced.rs\/en\/resenja\/sistemi-dojave-pozara-i-detekcije-opasnih-gasova\/","og_site_name":"INTERFAST Advanced Security Systems d.o.o.","article_publisher":"https:\/\/www.facebook.com\/InterfastDoo\/","article_modified_time":"2020-07-10T15:02:58+00:00","twitter_card":"summary_large_image","twitter_misc":{"Est. reading time":"2 minutes"},"schema":{"@context":"https:\/\/schema.org","@graph":[{"@type":"WebPage","@id":"https:\/\/interfast-advanced.rs\/resenja\/sistemi-dojave-pozara-i-detekcije-opasnih-gasova\/","url":"https:\/\/interfast-advanced.rs\/resenja\/sistemi-dojave-pozara-i-detekcije-opasnih-gasova\/","name":"Sistemi dojave po\u017eara i detekcije opasnih gasova - INTERFAST Advanced Security Systems d.o.o.","isPartOf":{"@id":"https:\/\/interfast-advanced.rs\/#website"},"datePublished":"2020-04-07T18:01:42+00:00","dateModified":"2020-07-10T15:02:58+00:00","breadcrumb":{"@id":"https:\/\/interfast-advanced.rs\/resenja\/sistemi-dojave-pozara-i-detekcije-opasnih-gasova\/#breadcrumb"},"inLanguage":"en-US","potentialAction":[{"@type":"ReadAction","target":["https:\/\/interfast-advanced.rs\/resenja\/sistemi-dojave-pozara-i-detekcije-opasnih-gasova\/"]}]},{"@type":"BreadcrumbList","@id":"https:\/\/interfast-advanced.rs\/resenja\/sistemi-dojave-pozara-i-detekcije-opasnih-gasova\/#breadcrumb","itemListElement":[{"@type":"ListItem","position":1,"name":"Home","item":"https:\/\/interfast-advanced.rs\/"},{"@type":"ListItem","position":2,"name":"Re\u0161enja","item":"https:\/\/interfast-advanced.rs\/resenja\/"},{"@type":"ListItem","position":3,"name":"Sistemi dojave po\u017eara i detekcije opasnih gasova"}]},{"@type":"WebSite","@id":"https:\/\/interfast-advanced.rs\/#website","url":"https:\/\/interfast-advanced.rs\/","name":"INTERFAST Advanced Security Systems d.o.o.","description":"Firma \u201eInterfast Advanced Security Systems\u201c se isklju\u010divo bavi sistemima tehni\u010dke za\u0161tite.","publisher":{"@id":"https:\/\/interfast-advanced.rs\/#organization"},"potentialAction":[{"@type":"SearchAction","target":{"@type":"EntryPoint","urlTemplate":"https:\/\/interfast-advanced.rs\/?s={search_term_string}"},"query-input":{"@type":"PropertyValueSpecification","valueRequired":true,"valueName":"search_term_string"}}],"inLanguage":"en-US"},{"@type":"Organization","@id":"https:\/\/interfast-advanced.rs\/#organization","name":"Interfast Advanced Security Systems","url":"https:\/\/interfast-advanced.rs\/","logo":{"@type":"ImageObject","inLanguage":"en-US","@id":"https:\/\/interfast-advanced.rs\/#\/schema\/logo\/image\/","url":"https:\/\/interfast-advanced.rs\/wp-content\/uploads\/2021\/01\/Logo.png","contentUrl":"https:\/\/interfast-advanced.rs\/wp-content\/uploads\/2021\/01\/Logo.png","width":250,"height":50,"caption":"Interfast Advanced Security Systems"},"image":{"@id":"https:\/\/interfast-advanced.rs\/#\/schema\/logo\/image\/"},"sameAs":["https:\/\/www.facebook.com\/InterfastDoo\/","https:\/\/www.linkedin.com\/company\/interfast-advanced-security-systems\/","https:\/\/www.youtube.com\/channel\/UCXCZWi9mfhF_4FH2-b9L8Ag"]}]}},"_links":{"self":[{"href":"https:\/\/interfast-advanced.rs\/en\/wp-json\/wp\/v2\/pages\/78","targetHints":{"allow":["GET"]}}],"collection":[{"href":"https:\/\/interfast-advanced.rs\/en\/wp-json\/wp\/v2\/pages"}],"about":[{"href":"https:\/\/interfast-advanced.rs\/en\/wp-json\/wp\/v2\/types\/page"}],"author":[{"embeddable":true,"href":"https:\/\/interfast-advanced.rs\/en\/wp-json\/wp\/v2\/users\/1"}],"replies":[{"embeddable":true,"href":"https:\/\/interfast-advanced.rs\/en\/wp-json\/wp\/v2\/comments?post=78"}],"version-history":[{"count":4,"href":"https:\/\/interfast-advanced.rs\/en\/wp-json\/wp\/v2\/pages\/78\/revisions"}],"predecessor-version":[{"id":1270,"href":"https:\/\/interfast-advanced.rs\/en\/wp-json\/wp\/v2\/pages\/78\/revisions\/1270"}],"up":[{"embeddable":true,"href":"https:\/\/interfast-advanced.rs\/en\/wp-json\/wp\/v2\/pages\/859"}],"wp:attachment":[{"href":"https:\/\/interfast-advanced.rs\/en\/wp-json\/wp\/v2\/media?parent=78"}],"curies":[{"name":"wp","href":"https:\/\/api.w.org\/{rel}","templated":true}]}}