{"id":58,"date":"2020-04-07T19:04:34","date_gmt":"2020-04-07T17:04:34","guid":{"rendered":"https:\/\/interfast-advanced.rs\/?page_id=58"},"modified":"2020-06-24T16:10:19","modified_gmt":"2020-06-24T14:10:19","slug":"integrisani-sistemi-tehnicke-zastite","status":"publish","type":"page","link":"https:\/\/interfast-advanced.rs\/en\/resenja\/integrisani-sistemi-tehnicke-zastite\/","title":{"rendered":"Integrated technical protection systems"},"content":{"rendered":"<section class=\"wpb_row vc_row-fluid vc_custom_1586288924095\"><div class=\"container\"><div class=\"row\"><div class=\"wpb_column vc_column_container vc_col-sm-12 vc_col-lg-3\/5 vc_col-md-3\/5\"><div class=\"vc_column-inner\"><div class=\"wpb_wrapper\"  >\n\t<div class=\"wpb_text_column wpb_content_element\" >\n\t\t<div class=\"wpb_wrapper\">\n\t\t\t<blockquote><p>\nMaintaining optimal security is a key thing for any business that wants to protect not only people but also property.\n<\/p><\/blockquote>\n<p>Interfast ASS is a company with many years of experience in various fields of technical protection and is able to integrate all individual systems in <strong>product and service package<\/strong> and thus offer greater security, better service, easier monitoring and improved security of people and property.<\/p>\n<h3 style=\"text-align: center;\"><strong>Integrated system components<\/strong><\/h3>\n<p>The integrated system technically unifies <a href=\"https:\/\/interfast-advanced.rs\/en\/resenja\/kontrola-pristupa-i-evidencija-radnog-vremena\/\"><em><strong>access control<\/strong><\/em><\/a>, <strong><em><a href=\"https:\/\/interfast-advanced.rs\/en\/resenja\/video-obezbedjenje\/\">video surveillance<\/a><\/em><\/strong>, <strong><em><a href=\"https:\/\/interfast-advanced.rs\/en\/resenja\/sistemi-dojave-pozara-i-provale\/\">burglary protection<\/a><\/em><\/strong> and other systems. It serves as a hub, a central place, from which all other systems are managed and which by combining them gives <strong>additional quality<\/strong> which all the elements in particular would not have.<\/p>\n<h3 style=\"text-align: center;\"><strong>Customizing the system to your needs<\/strong><\/h3>\n<p>Every company has different requirements and needs. Interfast ASS analyzes your situation and proposes and designs an integrated system accordingly. An integrated system allows you to win <strong>exactly what you need<\/strong>.<\/p>\n<h3 style=\"text-align: center;\"><strong>Ease of use<\/strong><\/h3>\n<p>Multiple individual systems, especially from different vendors, can be too complicated to use. Integrated systems make it possible <strong>easy to use<\/strong> and control of all systems from a single, known, central location, usually with remote control.<\/p>\n<h3 style=\"text-align: center;\"><strong>Savings<\/strong><\/h3>\n<p>Integrated systems manage resources more optimally. You can integrate facility automation (heating, lighting, etc.) with access control and time attendance and so on <strong>achieve significant savings<\/strong> because you will heat the rooms only when it is really needed.<\/p>\n<p>The mission of Interfast ASS is to provide the best possible technical protection service. We are proud of the successful projects we have achieved in recent years and through integrated systems we want to provide you with the most in the field of security and safety of property and people.<\/p>\n\n\t\t<\/div>\n\t<\/div>\n<\/div><\/div><\/div><\/div><\/div><\/section>","protected":false},"excerpt":{"rendered":"Odr\u017eavanje optimalne bezbednosti je klju\u010dna stvar za svaki posao koji \u017eeli da za\u0161titi ne samo ljude nego i imovinu. Interfast ASS je kompanija sa dugogodi\u0161njim iskustvom u razli\u010ditim oblastima tehni\u010dke za\u0161tite i u mogu\u0107nosti je da integri\u0161e sve pojedina\u010dne sisteme u paket proizvoda i usluga i tako ponudi ve\u0107u bezbednost, kvalitetniju uslugu, jednostavniji monitoring i [...]","protected":false},"author":1,"featured_media":0,"parent":859,"menu_order":0,"comment_status":"closed","ping_status":"closed","template":"","meta":{"_monsterinsights_skip_tracking":false,"_monsterinsights_sitenote_active":false,"_monsterinsights_sitenote_note":"","_monsterinsights_sitenote_category":0,"_uf_show_specific_survey":0,"_uf_disable_surveys":false,"footnotes":""},"class_list":["post-58","page","type-page","status-publish","hentry"],"yoast_head":"<!-- This site is optimized with the Yoast SEO plugin v26.3 - https:\/\/yoast.com\/wordpress\/plugins\/seo\/ -->\n<title>Intergrisani sistemi tehni\u010dke za\u0161tite - INTERFAST Advanced Security Systems d.o.o.<\/title>\n<meta name=\"robots\" content=\"index, follow, max-snippet:-1, max-image-preview:large, max-video-preview:-1\" \/>\n<link rel=\"canonical\" href=\"https:\/\/interfast-advanced.rs\/en\/resenja\/integrisani-sistemi-tehnicke-zastite\/\" \/>\n<meta property=\"og:locale\" content=\"en_US\" \/>\n<meta property=\"og:type\" content=\"article\" \/>\n<meta property=\"og:title\" content=\"Intergrisani sistemi tehni\u010dke za\u0161tite - INTERFAST Advanced Security Systems d.o.o.\" \/>\n<meta property=\"og:url\" content=\"https:\/\/interfast-advanced.rs\/en\/resenja\/integrisani-sistemi-tehnicke-zastite\/\" \/>\n<meta property=\"og:site_name\" content=\"INTERFAST Advanced Security Systems d.o.o.\" \/>\n<meta property=\"article:publisher\" content=\"https:\/\/www.facebook.com\/InterfastDoo\/\" \/>\n<meta property=\"article:modified_time\" content=\"2020-06-24T14:10:19+00:00\" \/>\n<meta name=\"twitter:card\" content=\"summary_large_image\" \/>\n<meta name=\"twitter:label1\" content=\"Est. reading time\" \/>\n\t<meta name=\"twitter:data1\" content=\"2 minutes\" \/>\n<script type=\"application\/ld+json\" class=\"yoast-schema-graph\">{\"@context\":\"https:\/\/schema.org\",\"@graph\":[{\"@type\":\"WebPage\",\"@id\":\"https:\/\/interfast-advanced.rs\/resenja\/integrisani-sistemi-tehnicke-zastite\/\",\"url\":\"https:\/\/interfast-advanced.rs\/resenja\/integrisani-sistemi-tehnicke-zastite\/\",\"name\":\"Intergrisani sistemi tehni\u010dke za\u0161tite - INTERFAST Advanced Security Systems d.o.o.\",\"isPartOf\":{\"@id\":\"https:\/\/interfast-advanced.rs\/#website\"},\"datePublished\":\"2020-04-07T17:04:34+00:00\",\"dateModified\":\"2020-06-24T14:10:19+00:00\",\"breadcrumb\":{\"@id\":\"https:\/\/interfast-advanced.rs\/resenja\/integrisani-sistemi-tehnicke-zastite\/#breadcrumb\"},\"inLanguage\":\"en-US\",\"potentialAction\":[{\"@type\":\"ReadAction\",\"target\":[\"https:\/\/interfast-advanced.rs\/resenja\/integrisani-sistemi-tehnicke-zastite\/\"]}]},{\"@type\":\"BreadcrumbList\",\"@id\":\"https:\/\/interfast-advanced.rs\/resenja\/integrisani-sistemi-tehnicke-zastite\/#breadcrumb\",\"itemListElement\":[{\"@type\":\"ListItem\",\"position\":1,\"name\":\"Home\",\"item\":\"https:\/\/interfast-advanced.rs\/\"},{\"@type\":\"ListItem\",\"position\":2,\"name\":\"Re\u0161enja\",\"item\":\"https:\/\/interfast-advanced.rs\/resenja\/\"},{\"@type\":\"ListItem\",\"position\":3,\"name\":\"Intergrisani sistemi tehni\u010dke za\u0161tite\"}]},{\"@type\":\"WebSite\",\"@id\":\"https:\/\/interfast-advanced.rs\/#website\",\"url\":\"https:\/\/interfast-advanced.rs\/\",\"name\":\"INTERFAST Advanced Security Systems d.o.o.\",\"description\":\"Firma \u201eInterfast Advanced Security Systems\u201c se isklju\u010divo bavi sistemima tehni\u010dke za\u0161tite.\",\"publisher\":{\"@id\":\"https:\/\/interfast-advanced.rs\/#organization\"},\"potentialAction\":[{\"@type\":\"SearchAction\",\"target\":{\"@type\":\"EntryPoint\",\"urlTemplate\":\"https:\/\/interfast-advanced.rs\/?s={search_term_string}\"},\"query-input\":{\"@type\":\"PropertyValueSpecification\",\"valueRequired\":true,\"valueName\":\"search_term_string\"}}],\"inLanguage\":\"en-US\"},{\"@type\":\"Organization\",\"@id\":\"https:\/\/interfast-advanced.rs\/#organization\",\"name\":\"Interfast Advanced Security Systems\",\"url\":\"https:\/\/interfast-advanced.rs\/\",\"logo\":{\"@type\":\"ImageObject\",\"inLanguage\":\"en-US\",\"@id\":\"https:\/\/interfast-advanced.rs\/#\/schema\/logo\/image\/\",\"url\":\"https:\/\/interfast-advanced.rs\/wp-content\/uploads\/2021\/01\/Logo.png\",\"contentUrl\":\"https:\/\/interfast-advanced.rs\/wp-content\/uploads\/2021\/01\/Logo.png\",\"width\":250,\"height\":50,\"caption\":\"Interfast Advanced Security Systems\"},\"image\":{\"@id\":\"https:\/\/interfast-advanced.rs\/#\/schema\/logo\/image\/\"},\"sameAs\":[\"https:\/\/www.facebook.com\/InterfastDoo\/\",\"https:\/\/www.linkedin.com\/company\/interfast-advanced-security-systems\/\",\"https:\/\/www.youtube.com\/channel\/UCXCZWi9mfhF_4FH2-b9L8Ag\"]}]}<\/script>\n<!-- \/ Yoast SEO plugin. -->","yoast_head_json":{"title":"Intergrisani sistemi tehni\u010dke za\u0161tite - INTERFAST Advanced Security Systems d.o.o.","robots":{"index":"index","follow":"follow","max-snippet":"max-snippet:-1","max-image-preview":"max-image-preview:large","max-video-preview":"max-video-preview:-1"},"canonical":"https:\/\/interfast-advanced.rs\/en\/resenja\/integrisani-sistemi-tehnicke-zastite\/","og_locale":"en_US","og_type":"article","og_title":"Intergrisani sistemi tehni\u010dke za\u0161tite - INTERFAST Advanced Security Systems d.o.o.","og_url":"https:\/\/interfast-advanced.rs\/en\/resenja\/integrisani-sistemi-tehnicke-zastite\/","og_site_name":"INTERFAST Advanced Security Systems d.o.o.","article_publisher":"https:\/\/www.facebook.com\/InterfastDoo\/","article_modified_time":"2020-06-24T14:10:19+00:00","twitter_card":"summary_large_image","twitter_misc":{"Est. reading time":"2 minutes"},"schema":{"@context":"https:\/\/schema.org","@graph":[{"@type":"WebPage","@id":"https:\/\/interfast-advanced.rs\/resenja\/integrisani-sistemi-tehnicke-zastite\/","url":"https:\/\/interfast-advanced.rs\/resenja\/integrisani-sistemi-tehnicke-zastite\/","name":"Intergrisani sistemi tehni\u010dke za\u0161tite - INTERFAST Advanced Security Systems d.o.o.","isPartOf":{"@id":"https:\/\/interfast-advanced.rs\/#website"},"datePublished":"2020-04-07T17:04:34+00:00","dateModified":"2020-06-24T14:10:19+00:00","breadcrumb":{"@id":"https:\/\/interfast-advanced.rs\/resenja\/integrisani-sistemi-tehnicke-zastite\/#breadcrumb"},"inLanguage":"en-US","potentialAction":[{"@type":"ReadAction","target":["https:\/\/interfast-advanced.rs\/resenja\/integrisani-sistemi-tehnicke-zastite\/"]}]},{"@type":"BreadcrumbList","@id":"https:\/\/interfast-advanced.rs\/resenja\/integrisani-sistemi-tehnicke-zastite\/#breadcrumb","itemListElement":[{"@type":"ListItem","position":1,"name":"Home","item":"https:\/\/interfast-advanced.rs\/"},{"@type":"ListItem","position":2,"name":"Re\u0161enja","item":"https:\/\/interfast-advanced.rs\/resenja\/"},{"@type":"ListItem","position":3,"name":"Intergrisani sistemi tehni\u010dke za\u0161tite"}]},{"@type":"WebSite","@id":"https:\/\/interfast-advanced.rs\/#website","url":"https:\/\/interfast-advanced.rs\/","name":"INTERFAST Advanced Security Systems d.o.o.","description":"Firma \u201eInterfast Advanced Security Systems\u201c se isklju\u010divo bavi sistemima tehni\u010dke za\u0161tite.","publisher":{"@id":"https:\/\/interfast-advanced.rs\/#organization"},"potentialAction":[{"@type":"SearchAction","target":{"@type":"EntryPoint","urlTemplate":"https:\/\/interfast-advanced.rs\/?s={search_term_string}"},"query-input":{"@type":"PropertyValueSpecification","valueRequired":true,"valueName":"search_term_string"}}],"inLanguage":"en-US"},{"@type":"Organization","@id":"https:\/\/interfast-advanced.rs\/#organization","name":"Interfast Advanced Security Systems","url":"https:\/\/interfast-advanced.rs\/","logo":{"@type":"ImageObject","inLanguage":"en-US","@id":"https:\/\/interfast-advanced.rs\/#\/schema\/logo\/image\/","url":"https:\/\/interfast-advanced.rs\/wp-content\/uploads\/2021\/01\/Logo.png","contentUrl":"https:\/\/interfast-advanced.rs\/wp-content\/uploads\/2021\/01\/Logo.png","width":250,"height":50,"caption":"Interfast Advanced Security Systems"},"image":{"@id":"https:\/\/interfast-advanced.rs\/#\/schema\/logo\/image\/"},"sameAs":["https:\/\/www.facebook.com\/InterfastDoo\/","https:\/\/www.linkedin.com\/company\/interfast-advanced-security-systems\/","https:\/\/www.youtube.com\/channel\/UCXCZWi9mfhF_4FH2-b9L8Ag"]}]}},"_links":{"self":[{"href":"https:\/\/interfast-advanced.rs\/en\/wp-json\/wp\/v2\/pages\/58","targetHints":{"allow":["GET"]}}],"collection":[{"href":"https:\/\/interfast-advanced.rs\/en\/wp-json\/wp\/v2\/pages"}],"about":[{"href":"https:\/\/interfast-advanced.rs\/en\/wp-json\/wp\/v2\/types\/page"}],"author":[{"embeddable":true,"href":"https:\/\/interfast-advanced.rs\/en\/wp-json\/wp\/v2\/users\/1"}],"replies":[{"embeddable":true,"href":"https:\/\/interfast-advanced.rs\/en\/wp-json\/wp\/v2\/comments?post=58"}],"version-history":[{"count":6,"href":"https:\/\/interfast-advanced.rs\/en\/wp-json\/wp\/v2\/pages\/58\/revisions"}],"predecessor-version":[{"id":1108,"href":"https:\/\/interfast-advanced.rs\/en\/wp-json\/wp\/v2\/pages\/58\/revisions\/1108"}],"up":[{"embeddable":true,"href":"https:\/\/interfast-advanced.rs\/en\/wp-json\/wp\/v2\/pages\/859"}],"wp:attachment":[{"href":"https:\/\/interfast-advanced.rs\/en\/wp-json\/wp\/v2\/media?parent=58"}],"curies":[{"name":"wp","href":"https:\/\/api.w.org\/{rel}","templated":true}]}}