{"id":131,"date":"2020-04-08T00:28:04","date_gmt":"2020-04-07T22:28:04","guid":{"rendered":"https:\/\/interfast-advanced.rs\/?page_id=131"},"modified":"2021-02-11T12:27:02","modified_gmt":"2021-02-11T11:27:02","slug":"o-nama","status":"publish","type":"page","link":"https:\/\/interfast-advanced.rs\/en\/o-nama\/","title":{"rendered":"About Us"},"content":{"rendered":"<section class=\"wpb_row vc_row-fluid\"><div class=\"container\"><div class=\"row\"><div class=\"wpb_column vc_column_container vc_col-sm-6\"><div class=\"vc_column-inner\"><div class=\"wpb_wrapper\"  ><div class=\"vc-hoverbox-wrapper  text-color-post vc-hoverbox-shape--rounded vc-hoverbox-align--center vc-hoverbox-direction--default vc-hoverbox-width--100\"  ontouchstart=\"\">\n  <div class=\"vc-hoverbox\">\n    <div class=\"vc-hoverbox-inner\">\n      <div class=\"vc-hoverbox-block vc-hoverbox-front\" style=\"background-image: url(https:\/\/interfast-advanced.rs\/wp-content\/uploads\/2021\/02\/O-nama-2.jpg);\">\n        <div class=\"vc-hoverbox-block-inner vc-hoverbox-front-inner\">\n            <h2 style=\"text-align:left\">WHO WE ARE<\/h2>\n        <\/div>\n      <\/div>\n      <div class=\"vc-hoverbox-block vc-hoverbox-back\" style=\"background-color: #ffffff;\">\n        <div class=\"vc-hoverbox-block-inner vc-hoverbox-back-inner\">\n            \n            <p style=\"text-align: center;\"><strong>We were founded in 2018<\/strong> and after less than 5 years we become a leading leader in the field of <strong>technical protection system<\/strong>. Our company cooperates with all leading brands in our country and abroad. <strong>We are hiring and constantly expanding<\/strong> a team of experts with all needed <strong>licences<\/strong> for performing even the most demanding works with an emphasis on meeting deadlines, high quality of final works and <strong>satisfaction of our customers.<\/strong><\/p>\n\n            \n        <\/div>\n      <\/div>\n    <\/div>\n  <\/div>\n<\/div><\/div><\/div><\/div><div class=\"wpb_column vc_column_container vc_col-sm-6\"><div class=\"vc_column-inner\"><div class=\"wpb_wrapper\"  ><div class=\"vc-hoverbox-wrapper  text-color-post vc-hoverbox-shape--rounded vc-hoverbox-align--center vc-hoverbox-direction--default vc-hoverbox-width--100\"  ontouchstart=\"\">\n  <div class=\"vc-hoverbox\">\n    <div class=\"vc-hoverbox-inner\">\n      <div class=\"vc-hoverbox-block vc-hoverbox-front\" style=\"background-image: url(https:\/\/interfast-advanced.rs\/wp-content\/uploads\/2021\/02\/cime-se-bavimo.jpg);\">\n        <div class=\"vc-hoverbox-block-inner vc-hoverbox-front-inner\">\n            <h2 style=\"text-align:left\">WHAT WE DO<\/h2>\n        <\/div>\n      <\/div>\n      <div class=\"vc-hoverbox-block vc-hoverbox-back\" style=\"background-color: #ffffff;\">\n        <div class=\"vc-hoverbox-block-inner vc-hoverbox-back-inner\">\n            \n            <p style=\"text-align: center;\"><strong>Interfast Advanced Security Systems<\/strong>\u00a0deals with the provision of services for the design, construction and maintenance of technical protection systems. Our team consists of experts with many years of experience in the field\u00a0<strong>fire alarm system<\/strong>,\u00a0<strong>video security, perimeter protection\u00a0<\/strong>and other systems of protection of private, business, facilities of State importance. We own\u00a0<strong>International experience<\/strong>\u00a0and we operate outside the state of\u00a0<strong>Serbia<\/strong>.<\/p>\n\n            \n        <\/div>\n      <\/div>\n    <\/div>\n  <\/div>\n<\/div><\/div><\/div><\/div><\/div><\/div><\/section><section class=\"wpb_row vc_row-fluid\"><div class=\"container\"><div class=\"row\"><div class=\"wpb_column vc_column_container vc_col-sm-6\"><div class=\"vc_column-inner\"><div class=\"wpb_wrapper\"  ><div class=\"vc-hoverbox-wrapper  text-color-post vc-hoverbox-shape--rounded vc-hoverbox-align--center vc-hoverbox-direction--default vc-hoverbox-width--100\"  ontouchstart=\"\">\n  <div class=\"vc-hoverbox\">\n    <div class=\"vc-hoverbox-inner\">\n      <div class=\"vc-hoverbox-block vc-hoverbox-front\" style=\"background-image: url(https:\/\/interfast-advanced.rs\/wp-content\/uploads\/2021\/02\/nasa-vizija-1.jpg);\">\n        <div class=\"vc-hoverbox-block-inner vc-hoverbox-front-inner\">\n            <h2 style=\"text-align:left\">OUR MISSION<\/h2>\n        <\/div>\n      <\/div>\n      <div class=\"vc-hoverbox-block vc-hoverbox-back\" style=\"background-color: #ffffff;\">\n        <div class=\"vc-hoverbox-block-inner vc-hoverbox-back-inner\">\n            \n            <p style=\"text-align: center;\">Our goal is to remain one of <strong>leader<\/strong> in the field of implementation of technical protection systems, in Serbia and the region of the Western Balkans, with constant monitoring of new technologies, best world practices and <strong>market and customer needs<\/strong>. To be a company that will set new standards of quality, business and success.<\/p>\n<p style=\"text-align: center;\"><strong>On first place<\/strong> we need and expect customers, with a conscientious choice of suppliers and partners, as well as commitment <strong>high quality<\/strong> performed works, we obtain recommendations for new jobs.<\/p>\n\n            \n        <\/div>\n      <\/div>\n    <\/div>\n  <\/div>\n<\/div><\/div><\/div><\/div><div class=\"wpb_column vc_column_container vc_col-sm-6\"><div class=\"vc_column-inner\"><div class=\"wpb_wrapper\"  ><div class=\"vc-hoverbox-wrapper  text-color-post vc-hoverbox-shape--rounded vc-hoverbox-align--center vc-hoverbox-direction--default vc-hoverbox-width--100\"  ontouchstart=\"\">\n  <div class=\"vc-hoverbox\">\n    <div class=\"vc-hoverbox-inner\">\n      <div class=\"vc-hoverbox-block vc-hoverbox-front\" style=\"background-image: url(https:\/\/interfast-advanced.rs\/wp-content\/uploads\/2021\/02\/sertifikati.jpg);\">\n        <div class=\"vc-hoverbox-block-inner vc-hoverbox-front-inner\">\n            <h2 style=\"text-align:left\">SERTIFIKATI<\/h2>\n        <\/div>\n      <\/div>\n      <div class=\"vc-hoverbox-block vc-hoverbox-back\" style=\"background-color: ;\">\n        <div class=\"vc-hoverbox-block-inner vc-hoverbox-back-inner\">\n            \n            <ul>\n<li>\n<h3><a href=\"https:\/\/interfast-advanced.rs\/wp-content\/uploads\/2021\/02\/sertifikati\/SISTEM%20MENAD%C5%BDMENTA%20KVALITETOM%20%28QMS%29.pdf\"><strong>QUALITY MANAGEMENT SYSTEM (QMS)<\/strong><\/a><\/h3>\n<\/li>\n<li>\n<h3><a href=\"https:\/\/interfast-advanced.rs\/wp-content\/uploads\/2021\/02\/sertifikati\/SISTEM%20UPRAVLJANJA%20ZA%C5%A0TITOM%20%C5%BDIVOTNE%20SREDINE%20%28EMS%29.pdf\"><strong>ENVIRONMENTAL MANAGEMENT SYSTEM (EMS)<\/strong><\/a><\/h3>\n<\/li>\n<li>\n<h3><a href=\"https:\/\/interfast-advanced.rs\/wp-content\/uploads\/2021\/02\/sertifikati\/SISTEM%20UPRAVLJANJA%20ZA%C5%A0TITOM%20ZDRAVLJA%20I%20BEZBEDNO%C5%A0%C4%86U%20NA%20RADU%20%28OHSAS%29.pdf\"><strong>OCCUPATIONAL HEALTH AND SAFETY MANAGEMENT SYSTEM (OHSAS)<\/strong><\/a><\/h3>\n<\/li>\n<li>\n<h3><a href=\"https:\/\/interfast-advanced.rs\/wp-content\/uploads\/2021\/02\/sertifikati\/SISTEM%20MENAD%C5%BDMENTA%20ENERGIJOM.pdf\"><strong>ENERGY MANAGEMENT SYSTEM<\/strong><\/a><\/h3>\n<\/li>\n<li>\n<h3><a href=\"https:\/\/interfast-advanced.rs\/wp-content\/uploads\/2021\/02\/sertifikati\/POTVRDA%20O%20SPROVEDENOJ%20SERTIFIKACIJI%20SISTEMA%20MENA%C5%BDMENTA.pdf\"><strong>CERTIFICATE OF IMPLEMENTED MANAGEMENT SYSTEM CERTIFICATION<\/strong><\/a><\/h3>\n<\/li>\n<\/ul>\n\n            <div class=\"vc_btn3-container vc_btn3-inline\" ><a class=\"vc_general vc_btn3 vc_btn3-size-md vc_btn3-shape-rounded vc_btn3-style-modern vc_btn3-color-juicy-pink\" href=\"https:\/\/interfast-advanced.rs\/wp-content\/uploads\/2021\/02\/sertifikati\/sertifikati.zip\" title=\"\" target=\"_blank\">ALL CERTIFICATES (.zip)<\/a><\/div>\n        <\/div>\n      <\/div>\n    <\/div>\n  <\/div>\n<\/div><\/div><\/div><\/div><\/div><\/div><\/section>","protected":false},"excerpt":{"rendered":"KO SMO MI? Osnovani smo 2018 godine i nakon manje od\u00a0 5 godina postajemo vode\u0107i lider u oblasti sistema tehni\u010dke za\u0161tite. Na\u0161a kompanije sara\u0111uje sa svim vode\u0107im brendovima u na\u0161oj zemlji i inostranstvu. Zapo\u0161ljavamo i stalno \u0161irimo tim stru\u010dnjaka sa svim potrebnim licencama za izvo\u0111enje i najzahtevnijih radova sa akcentom na po\u0161tovanje rokova, visoki kvalitet [...]","protected":false},"author":1,"featured_media":0,"parent":0,"menu_order":10,"comment_status":"closed","ping_status":"closed","template":"","meta":{"_monsterinsights_skip_tracking":false,"_monsterinsights_sitenote_active":false,"_monsterinsights_sitenote_note":"","_monsterinsights_sitenote_category":0,"_uf_show_specific_survey":0,"_uf_disable_surveys":false,"footnotes":""},"class_list":["post-131","page","type-page","status-publish","hentry"],"yoast_head":"<!-- This site is optimized with the Yoast SEO plugin v26.3 - https:\/\/yoast.com\/wordpress\/plugins\/seo\/ -->\n<title>O nama - INTERFAST Advanced Security Systems d.o.o.<\/title>\n<meta name=\"robots\" content=\"index, follow, max-snippet:-1, max-image-preview:large, max-video-preview:-1\" \/>\n<link rel=\"canonical\" href=\"https:\/\/interfast-advanced.rs\/en\/o-nama\/\" \/>\n<meta property=\"og:locale\" content=\"en_US\" \/>\n<meta property=\"og:type\" content=\"article\" \/>\n<meta property=\"og:title\" content=\"O nama - INTERFAST Advanced Security Systems d.o.o.\" \/>\n<meta property=\"og:url\" content=\"https:\/\/interfast-advanced.rs\/en\/o-nama\/\" \/>\n<meta property=\"og:site_name\" content=\"INTERFAST Advanced Security Systems d.o.o.\" \/>\n<meta property=\"article:publisher\" content=\"https:\/\/www.facebook.com\/InterfastDoo\/\" \/>\n<meta property=\"article:modified_time\" content=\"2021-02-11T11:27:02+00:00\" \/>\n<meta name=\"twitter:card\" content=\"summary_large_image\" \/>\n<meta name=\"twitter:label1\" content=\"Est. reading time\" \/>\n\t<meta name=\"twitter:data1\" content=\"2 minutes\" \/>\n<script type=\"application\/ld+json\" class=\"yoast-schema-graph\">{\"@context\":\"https:\/\/schema.org\",\"@graph\":[{\"@type\":\"WebPage\",\"@id\":\"https:\/\/interfast-advanced.rs\/o-nama\/\",\"url\":\"https:\/\/interfast-advanced.rs\/o-nama\/\",\"name\":\"O nama - INTERFAST Advanced Security Systems d.o.o.\",\"isPartOf\":{\"@id\":\"https:\/\/interfast-advanced.rs\/#website\"},\"datePublished\":\"2020-04-07T22:28:04+00:00\",\"dateModified\":\"2021-02-11T11:27:02+00:00\",\"breadcrumb\":{\"@id\":\"https:\/\/interfast-advanced.rs\/o-nama\/#breadcrumb\"},\"inLanguage\":\"en-US\",\"potentialAction\":[{\"@type\":\"ReadAction\",\"target\":[\"https:\/\/interfast-advanced.rs\/o-nama\/\"]}]},{\"@type\":\"BreadcrumbList\",\"@id\":\"https:\/\/interfast-advanced.rs\/o-nama\/#breadcrumb\",\"itemListElement\":[{\"@type\":\"ListItem\",\"position\":1,\"name\":\"Home\",\"item\":\"https:\/\/interfast-advanced.rs\/\"},{\"@type\":\"ListItem\",\"position\":2,\"name\":\"O nama\"}]},{\"@type\":\"WebSite\",\"@id\":\"https:\/\/interfast-advanced.rs\/#website\",\"url\":\"https:\/\/interfast-advanced.rs\/\",\"name\":\"INTERFAST Advanced Security Systems d.o.o.\",\"description\":\"Firma \u201eInterfast Advanced Security Systems\u201c se isklju\u010divo bavi sistemima tehni\u010dke za\u0161tite.\",\"publisher\":{\"@id\":\"https:\/\/interfast-advanced.rs\/#organization\"},\"potentialAction\":[{\"@type\":\"SearchAction\",\"target\":{\"@type\":\"EntryPoint\",\"urlTemplate\":\"https:\/\/interfast-advanced.rs\/?s={search_term_string}\"},\"query-input\":{\"@type\":\"PropertyValueSpecification\",\"valueRequired\":true,\"valueName\":\"search_term_string\"}}],\"inLanguage\":\"en-US\"},{\"@type\":\"Organization\",\"@id\":\"https:\/\/interfast-advanced.rs\/#organization\",\"name\":\"Interfast Advanced Security Systems\",\"url\":\"https:\/\/interfast-advanced.rs\/\",\"logo\":{\"@type\":\"ImageObject\",\"inLanguage\":\"en-US\",\"@id\":\"https:\/\/interfast-advanced.rs\/#\/schema\/logo\/image\/\",\"url\":\"https:\/\/interfast-advanced.rs\/wp-content\/uploads\/2021\/01\/Logo.png\",\"contentUrl\":\"https:\/\/interfast-advanced.rs\/wp-content\/uploads\/2021\/01\/Logo.png\",\"width\":250,\"height\":50,\"caption\":\"Interfast Advanced Security Systems\"},\"image\":{\"@id\":\"https:\/\/interfast-advanced.rs\/#\/schema\/logo\/image\/\"},\"sameAs\":[\"https:\/\/www.facebook.com\/InterfastDoo\/\",\"https:\/\/www.linkedin.com\/company\/interfast-advanced-security-systems\/\",\"https:\/\/www.youtube.com\/channel\/UCXCZWi9mfhF_4FH2-b9L8Ag\"]}]}<\/script>\n<!-- \/ Yoast SEO plugin. -->","yoast_head_json":{"title":"O nama - INTERFAST Advanced Security Systems d.o.o.","robots":{"index":"index","follow":"follow","max-snippet":"max-snippet:-1","max-image-preview":"max-image-preview:large","max-video-preview":"max-video-preview:-1"},"canonical":"https:\/\/interfast-advanced.rs\/en\/o-nama\/","og_locale":"en_US","og_type":"article","og_title":"O nama - INTERFAST Advanced Security Systems d.o.o.","og_url":"https:\/\/interfast-advanced.rs\/en\/o-nama\/","og_site_name":"INTERFAST Advanced Security Systems d.o.o.","article_publisher":"https:\/\/www.facebook.com\/InterfastDoo\/","article_modified_time":"2021-02-11T11:27:02+00:00","twitter_card":"summary_large_image","twitter_misc":{"Est. reading time":"2 minutes"},"schema":{"@context":"https:\/\/schema.org","@graph":[{"@type":"WebPage","@id":"https:\/\/interfast-advanced.rs\/o-nama\/","url":"https:\/\/interfast-advanced.rs\/o-nama\/","name":"O nama - INTERFAST Advanced Security Systems d.o.o.","isPartOf":{"@id":"https:\/\/interfast-advanced.rs\/#website"},"datePublished":"2020-04-07T22:28:04+00:00","dateModified":"2021-02-11T11:27:02+00:00","breadcrumb":{"@id":"https:\/\/interfast-advanced.rs\/o-nama\/#breadcrumb"},"inLanguage":"en-US","potentialAction":[{"@type":"ReadAction","target":["https:\/\/interfast-advanced.rs\/o-nama\/"]}]},{"@type":"BreadcrumbList","@id":"https:\/\/interfast-advanced.rs\/o-nama\/#breadcrumb","itemListElement":[{"@type":"ListItem","position":1,"name":"Home","item":"https:\/\/interfast-advanced.rs\/"},{"@type":"ListItem","position":2,"name":"O nama"}]},{"@type":"WebSite","@id":"https:\/\/interfast-advanced.rs\/#website","url":"https:\/\/interfast-advanced.rs\/","name":"INTERFAST Advanced Security Systems d.o.o.","description":"Firma \u201eInterfast Advanced Security Systems\u201c se isklju\u010divo bavi sistemima tehni\u010dke za\u0161tite.","publisher":{"@id":"https:\/\/interfast-advanced.rs\/#organization"},"potentialAction":[{"@type":"SearchAction","target":{"@type":"EntryPoint","urlTemplate":"https:\/\/interfast-advanced.rs\/?s={search_term_string}"},"query-input":{"@type":"PropertyValueSpecification","valueRequired":true,"valueName":"search_term_string"}}],"inLanguage":"en-US"},{"@type":"Organization","@id":"https:\/\/interfast-advanced.rs\/#organization","name":"Interfast Advanced Security Systems","url":"https:\/\/interfast-advanced.rs\/","logo":{"@type":"ImageObject","inLanguage":"en-US","@id":"https:\/\/interfast-advanced.rs\/#\/schema\/logo\/image\/","url":"https:\/\/interfast-advanced.rs\/wp-content\/uploads\/2021\/01\/Logo.png","contentUrl":"https:\/\/interfast-advanced.rs\/wp-content\/uploads\/2021\/01\/Logo.png","width":250,"height":50,"caption":"Interfast Advanced Security Systems"},"image":{"@id":"https:\/\/interfast-advanced.rs\/#\/schema\/logo\/image\/"},"sameAs":["https:\/\/www.facebook.com\/InterfastDoo\/","https:\/\/www.linkedin.com\/company\/interfast-advanced-security-systems\/","https:\/\/www.youtube.com\/channel\/UCXCZWi9mfhF_4FH2-b9L8Ag"]}]}},"_links":{"self":[{"href":"https:\/\/interfast-advanced.rs\/en\/wp-json\/wp\/v2\/pages\/131","targetHints":{"allow":["GET"]}}],"collection":[{"href":"https:\/\/interfast-advanced.rs\/en\/wp-json\/wp\/v2\/pages"}],"about":[{"href":"https:\/\/interfast-advanced.rs\/en\/wp-json\/wp\/v2\/types\/page"}],"author":[{"embeddable":true,"href":"https:\/\/interfast-advanced.rs\/en\/wp-json\/wp\/v2\/users\/1"}],"replies":[{"embeddable":true,"href":"https:\/\/interfast-advanced.rs\/en\/wp-json\/wp\/v2\/comments?post=131"}],"version-history":[{"count":67,"href":"https:\/\/interfast-advanced.rs\/en\/wp-json\/wp\/v2\/pages\/131\/revisions"}],"predecessor-version":[{"id":1553,"href":"https:\/\/interfast-advanced.rs\/en\/wp-json\/wp\/v2\/pages\/131\/revisions\/1553"}],"wp:attachment":[{"href":"https:\/\/interfast-advanced.rs\/en\/wp-json\/wp\/v2\/media?parent=131"}],"curies":[{"name":"wp","href":"https:\/\/api.w.org\/{rel}","templated":true}]}}