{"id":1268,"date":"2020-07-07T11:20:38","date_gmt":"2020-07-07T09:20:38","guid":{"rendered":"https:\/\/interfast-advanced.rs\/?page_id=1268"},"modified":"2020-07-07T11:20:38","modified_gmt":"2020-07-07T09:20:38","slug":"parking-sistemi","status":"publish","type":"page","link":"https:\/\/interfast-advanced.rs\/en\/resenja\/parking-sistemi\/","title":{"rendered":"Parking systems"},"content":{"rendered":"<section class=\"wpb_row vc_row-fluid\"><div class=\"container\"><div class=\"row\"><div class=\"wpb_column vc_column_container vc_col-sm-12 vc_col-lg-3\/5 vc_col-md-3\/5\"><div class=\"vc_column-inner\"><div class=\"wpb_wrapper\"  >\n\t<div class=\"wpb_text_column wpb_content_element\" >\n\t\t<div class=\"wpb_wrapper\">\n\t\t\t<h2 style=\"text-align: center;\"><em><strong>COMING SOON<\/strong><\/em><\/h2>\n\n\t\t<\/div>\n\t<\/div>\n<\/div><\/div><\/div><\/div><\/div><\/section>","protected":false},"excerpt":{"rendered":"COMING SOON","protected":false},"author":1,"featured_media":0,"parent":859,"menu_order":90,"comment_status":"closed","ping_status":"closed","template":"","meta":{"_monsterinsights_skip_tracking":false,"_monsterinsights_sitenote_active":false,"_monsterinsights_sitenote_note":"","_monsterinsights_sitenote_category":0,"_uf_show_specific_survey":0,"_uf_disable_surveys":false,"footnotes":""},"class_list":["post-1268","page","type-page","status-publish","hentry"],"yoast_head":"<!-- This site is optimized with the Yoast SEO plugin v26.3 - https:\/\/yoast.com\/wordpress\/plugins\/seo\/ -->\n<title>Parking sistemi - INTERFAST Advanced Security Systems d.o.o.<\/title>\n<meta name=\"robots\" content=\"index, follow, max-snippet:-1, max-image-preview:large, max-video-preview:-1\" \/>\n<link rel=\"canonical\" href=\"https:\/\/interfast-advanced.rs\/en\/resenja\/parking-sistemi\/\" \/>\n<meta property=\"og:locale\" content=\"en_US\" \/>\n<meta property=\"og:type\" content=\"article\" \/>\n<meta property=\"og:title\" content=\"Parking sistemi - INTERFAST Advanced Security Systems d.o.o.\" \/>\n<meta property=\"og:url\" content=\"https:\/\/interfast-advanced.rs\/en\/resenja\/parking-sistemi\/\" \/>\n<meta property=\"og:site_name\" content=\"INTERFAST Advanced Security Systems d.o.o.\" \/>\n<meta property=\"article:publisher\" content=\"https:\/\/www.facebook.com\/InterfastDoo\/\" \/>\n<meta name=\"twitter:card\" content=\"summary_large_image\" \/>\n<script type=\"application\/ld+json\" class=\"yoast-schema-graph\">{\"@context\":\"https:\/\/schema.org\",\"@graph\":[{\"@type\":\"WebPage\",\"@id\":\"https:\/\/interfast-advanced.rs\/resenja\/parking-sistemi\/\",\"url\":\"https:\/\/interfast-advanced.rs\/resenja\/parking-sistemi\/\",\"name\":\"Parking sistemi - INTERFAST Advanced Security Systems d.o.o.\",\"isPartOf\":{\"@id\":\"https:\/\/interfast-advanced.rs\/#website\"},\"datePublished\":\"2020-07-07T09:20:38+00:00\",\"breadcrumb\":{\"@id\":\"https:\/\/interfast-advanced.rs\/resenja\/parking-sistemi\/#breadcrumb\"},\"inLanguage\":\"en-US\",\"potentialAction\":[{\"@type\":\"ReadAction\",\"target\":[\"https:\/\/interfast-advanced.rs\/resenja\/parking-sistemi\/\"]}]},{\"@type\":\"BreadcrumbList\",\"@id\":\"https:\/\/interfast-advanced.rs\/resenja\/parking-sistemi\/#breadcrumb\",\"itemListElement\":[{\"@type\":\"ListItem\",\"position\":1,\"name\":\"Home\",\"item\":\"https:\/\/interfast-advanced.rs\/\"},{\"@type\":\"ListItem\",\"position\":2,\"name\":\"Re\u0161enja\",\"item\":\"https:\/\/interfast-advanced.rs\/resenja\/\"},{\"@type\":\"ListItem\",\"position\":3,\"name\":\"Parking sistemi\"}]},{\"@type\":\"WebSite\",\"@id\":\"https:\/\/interfast-advanced.rs\/#website\",\"url\":\"https:\/\/interfast-advanced.rs\/\",\"name\":\"INTERFAST Advanced Security Systems d.o.o.\",\"description\":\"Firma \u201eInterfast Advanced Security Systems\u201c se isklju\u010divo bavi sistemima tehni\u010dke za\u0161tite.\",\"publisher\":{\"@id\":\"https:\/\/interfast-advanced.rs\/#organization\"},\"potentialAction\":[{\"@type\":\"SearchAction\",\"target\":{\"@type\":\"EntryPoint\",\"urlTemplate\":\"https:\/\/interfast-advanced.rs\/?s={search_term_string}\"},\"query-input\":{\"@type\":\"PropertyValueSpecification\",\"valueRequired\":true,\"valueName\":\"search_term_string\"}}],\"inLanguage\":\"en-US\"},{\"@type\":\"Organization\",\"@id\":\"https:\/\/interfast-advanced.rs\/#organization\",\"name\":\"Interfast Advanced Security Systems\",\"url\":\"https:\/\/interfast-advanced.rs\/\",\"logo\":{\"@type\":\"ImageObject\",\"inLanguage\":\"en-US\",\"@id\":\"https:\/\/interfast-advanced.rs\/#\/schema\/logo\/image\/\",\"url\":\"https:\/\/interfast-advanced.rs\/wp-content\/uploads\/2021\/01\/Logo.png\",\"contentUrl\":\"https:\/\/interfast-advanced.rs\/wp-content\/uploads\/2021\/01\/Logo.png\",\"width\":250,\"height\":50,\"caption\":\"Interfast Advanced Security Systems\"},\"image\":{\"@id\":\"https:\/\/interfast-advanced.rs\/#\/schema\/logo\/image\/\"},\"sameAs\":[\"https:\/\/www.facebook.com\/InterfastDoo\/\",\"https:\/\/www.linkedin.com\/company\/interfast-advanced-security-systems\/\",\"https:\/\/www.youtube.com\/channel\/UCXCZWi9mfhF_4FH2-b9L8Ag\"]}]}<\/script>\n<!-- \/ Yoast SEO plugin. -->","yoast_head_json":{"title":"Parking sistemi - INTERFAST Advanced Security Systems d.o.o.","robots":{"index":"index","follow":"follow","max-snippet":"max-snippet:-1","max-image-preview":"max-image-preview:large","max-video-preview":"max-video-preview:-1"},"canonical":"https:\/\/interfast-advanced.rs\/en\/resenja\/parking-sistemi\/","og_locale":"en_US","og_type":"article","og_title":"Parking sistemi - INTERFAST Advanced Security Systems d.o.o.","og_url":"https:\/\/interfast-advanced.rs\/en\/resenja\/parking-sistemi\/","og_site_name":"INTERFAST Advanced Security Systems d.o.o.","article_publisher":"https:\/\/www.facebook.com\/InterfastDoo\/","twitter_card":"summary_large_image","schema":{"@context":"https:\/\/schema.org","@graph":[{"@type":"WebPage","@id":"https:\/\/interfast-advanced.rs\/resenja\/parking-sistemi\/","url":"https:\/\/interfast-advanced.rs\/resenja\/parking-sistemi\/","name":"Parking sistemi - INTERFAST Advanced Security Systems d.o.o.","isPartOf":{"@id":"https:\/\/interfast-advanced.rs\/#website"},"datePublished":"2020-07-07T09:20:38+00:00","breadcrumb":{"@id":"https:\/\/interfast-advanced.rs\/resenja\/parking-sistemi\/#breadcrumb"},"inLanguage":"en-US","potentialAction":[{"@type":"ReadAction","target":["https:\/\/interfast-advanced.rs\/resenja\/parking-sistemi\/"]}]},{"@type":"BreadcrumbList","@id":"https:\/\/interfast-advanced.rs\/resenja\/parking-sistemi\/#breadcrumb","itemListElement":[{"@type":"ListItem","position":1,"name":"Home","item":"https:\/\/interfast-advanced.rs\/"},{"@type":"ListItem","position":2,"name":"Re\u0161enja","item":"https:\/\/interfast-advanced.rs\/resenja\/"},{"@type":"ListItem","position":3,"name":"Parking sistemi"}]},{"@type":"WebSite","@id":"https:\/\/interfast-advanced.rs\/#website","url":"https:\/\/interfast-advanced.rs\/","name":"INTERFAST Advanced Security Systems d.o.o.","description":"Firma \u201eInterfast Advanced Security Systems\u201c se isklju\u010divo bavi sistemima tehni\u010dke za\u0161tite.","publisher":{"@id":"https:\/\/interfast-advanced.rs\/#organization"},"potentialAction":[{"@type":"SearchAction","target":{"@type":"EntryPoint","urlTemplate":"https:\/\/interfast-advanced.rs\/?s={search_term_string}"},"query-input":{"@type":"PropertyValueSpecification","valueRequired":true,"valueName":"search_term_string"}}],"inLanguage":"en-US"},{"@type":"Organization","@id":"https:\/\/interfast-advanced.rs\/#organization","name":"Interfast Advanced Security Systems","url":"https:\/\/interfast-advanced.rs\/","logo":{"@type":"ImageObject","inLanguage":"en-US","@id":"https:\/\/interfast-advanced.rs\/#\/schema\/logo\/image\/","url":"https:\/\/interfast-advanced.rs\/wp-content\/uploads\/2021\/01\/Logo.png","contentUrl":"https:\/\/interfast-advanced.rs\/wp-content\/uploads\/2021\/01\/Logo.png","width":250,"height":50,"caption":"Interfast Advanced Security Systems"},"image":{"@id":"https:\/\/interfast-advanced.rs\/#\/schema\/logo\/image\/"},"sameAs":["https:\/\/www.facebook.com\/InterfastDoo\/","https:\/\/www.linkedin.com\/company\/interfast-advanced-security-systems\/","https:\/\/www.youtube.com\/channel\/UCXCZWi9mfhF_4FH2-b9L8Ag"]}]}},"_links":{"self":[{"href":"https:\/\/interfast-advanced.rs\/en\/wp-json\/wp\/v2\/pages\/1268","targetHints":{"allow":["GET"]}}],"collection":[{"href":"https:\/\/interfast-advanced.rs\/en\/wp-json\/wp\/v2\/pages"}],"about":[{"href":"https:\/\/interfast-advanced.rs\/en\/wp-json\/wp\/v2\/types\/page"}],"author":[{"embeddable":true,"href":"https:\/\/interfast-advanced.rs\/en\/wp-json\/wp\/v2\/users\/1"}],"replies":[{"embeddable":true,"href":"https:\/\/interfast-advanced.rs\/en\/wp-json\/wp\/v2\/comments?post=1268"}],"version-history":[{"count":1,"href":"https:\/\/interfast-advanced.rs\/en\/wp-json\/wp\/v2\/pages\/1268\/revisions"}],"predecessor-version":[{"id":1269,"href":"https:\/\/interfast-advanced.rs\/en\/wp-json\/wp\/v2\/pages\/1268\/revisions\/1269"}],"up":[{"embeddable":true,"href":"https:\/\/interfast-advanced.rs\/en\/wp-json\/wp\/v2\/pages\/859"}],"wp:attachment":[{"href":"https:\/\/interfast-advanced.rs\/en\/wp-json\/wp\/v2\/media?parent=1268"}],"curies":[{"name":"wp","href":"https:\/\/api.w.org\/{rel}","templated":true}]}}