{"id":1089,"date":"2020-06-05T11:22:20","date_gmt":"2020-06-05T09:22:20","guid":{"rendered":"https:\/\/interfast-advanced.rs\/?page_id=1089"},"modified":"2020-06-24T16:18:39","modified_gmt":"2020-06-24T14:18:39","slug":"interfonski-sistemi","status":"publish","type":"page","link":"https:\/\/interfast-advanced.rs\/en\/resenja\/interfonski-sistemi\/","title":{"rendered":"Intercom systems"},"content":{"rendered":"<section class=\"wpb_row vc_row-fluid\"><div class=\"container\"><div class=\"row\"><div class=\"wpb_column vc_column_container vc_col-sm-12 vc_col-lg-3\/5 vc_col-md-3\/5\"><div class=\"vc_column-inner\"><div class=\"wpb_wrapper\"  >\n\t<div class=\"wpb_text_column wpb_content_element\" >\n\t\t<div class=\"wpb_wrapper\">\n\t\t\t<blockquote>\n<p style=\"text-align: center;\">Communicate clearly and loudly and improve the security of the facility using an intercom system in a business space, house, apartment or industrial facility<\/p>\n<\/blockquote>\n<p>Not only will you always know who is at the front door, but you can too <strong>communicate within different parts of the building<\/strong>, <strong>voice and image<\/strong>.<\/p>\n<p>With many years of experience of our engineers and technicians and using <strong>Urmet<\/strong> and <strong>TCS<\/strong> systems, we are able to provide you with a wide range of intercom systems:<\/p>\n\n\t\t<\/div>\n\t<\/div>\n\n\t<div class=\"wpb_text_column wpb_content_element\" >\n\t\t<div class=\"wpb_wrapper\">\n\t\t\t<ul>\n<li style=\"text-align: left;\">Audio \/ video intercom<\/li>\n<li style=\"text-align: left;\">Wireless or wired intercoms<\/li>\n<li style=\"text-align: left;\">Intercom from room to room<\/li>\n<li style=\"text-align: left;\">Office intercoms<\/li>\n<\/ul>\n\n\t\t<\/div>\n\t<\/div>\n\n\t<div class=\"wpb_text_column wpb_content_element\" >\n\t\t<div class=\"wpb_wrapper\">\n\t\t\t<h3 style=\"text-align: center;\"><strong>Remote intercom control<\/strong><\/h3>\n<p>In order to have control over access to your premises and when you are not in them, Interfast ASS provides remote control of the intercom <strong>using the app on your phone<\/strong>. This gives you the ability to allow or block the entry of the person where the code is and so on <strong>you improve the security of the facility<\/strong>.<\/p>\n<p>Whether you need a completely new system or an upgrade of an existing installation, Interfast ASS intercom systems are an effective solution for improving security and identifying visitors to your property.<\/p>\n\n\t\t<\/div>\n\t<\/div>\n<\/div><\/div><\/div><\/div><\/div><\/section>","protected":false},"excerpt":{"rendered":"Komunicirajte jasno i glasno i pobolj\u0161ajte bezbednost objekta koriste\u0107i interfonski sistem u poslovnom prostoru, ku\u0107i, stanu ili industrijskom objektu Ne samo da \u0107ete uvek znati ko je na ulaznim vratima, nego mo\u017eete i komunicirati unutar razli\u010ditih delova zgrade, glasom i slikom. Uz vi\u0161egodi\u0161nje iskustvo na\u0161ih in\u017eenjera i tehni\u010dara i koriste\u0107i Urmet i TCS sisteme, u [...]","protected":false},"author":1,"featured_media":0,"parent":859,"menu_order":80,"comment_status":"closed","ping_status":"closed","template":"","meta":{"_monsterinsights_skip_tracking":false,"_monsterinsights_sitenote_active":false,"_monsterinsights_sitenote_note":"","_monsterinsights_sitenote_category":0,"_uf_show_specific_survey":0,"_uf_disable_surveys":false,"footnotes":""},"class_list":["post-1089","page","type-page","status-publish","hentry"],"yoast_head":"<!-- This site is optimized with the Yoast SEO plugin v26.3 - https:\/\/yoast.com\/wordpress\/plugins\/seo\/ -->\n<title>Interfonski sistemi - INTERFAST Advanced Security Systems d.o.o.<\/title>\n<meta name=\"robots\" content=\"index, follow, max-snippet:-1, max-image-preview:large, max-video-preview:-1\" \/>\n<link rel=\"canonical\" href=\"https:\/\/interfast-advanced.rs\/en\/resenja\/interfonski-sistemi\/\" \/>\n<meta property=\"og:locale\" content=\"en_US\" \/>\n<meta property=\"og:type\" content=\"article\" \/>\n<meta property=\"og:title\" content=\"Interfonski sistemi - INTERFAST Advanced Security Systems d.o.o.\" \/>\n<meta property=\"og:url\" content=\"https:\/\/interfast-advanced.rs\/en\/resenja\/interfonski-sistemi\/\" \/>\n<meta property=\"og:site_name\" content=\"INTERFAST Advanced Security Systems d.o.o.\" \/>\n<meta property=\"article:publisher\" content=\"https:\/\/www.facebook.com\/InterfastDoo\/\" \/>\n<meta property=\"article:modified_time\" content=\"2020-06-24T14:18:39+00:00\" \/>\n<meta name=\"twitter:card\" content=\"summary_large_image\" \/>\n<meta name=\"twitter:label1\" content=\"Est. reading time\" \/>\n\t<meta name=\"twitter:data1\" content=\"1 minute\" \/>\n<script type=\"application\/ld+json\" class=\"yoast-schema-graph\">{\"@context\":\"https:\/\/schema.org\",\"@graph\":[{\"@type\":\"WebPage\",\"@id\":\"https:\/\/interfast-advanced.rs\/resenja\/interfonski-sistemi\/\",\"url\":\"https:\/\/interfast-advanced.rs\/resenja\/interfonski-sistemi\/\",\"name\":\"Interfonski sistemi - INTERFAST Advanced Security Systems d.o.o.\",\"isPartOf\":{\"@id\":\"https:\/\/interfast-advanced.rs\/#website\"},\"datePublished\":\"2020-06-05T09:22:20+00:00\",\"dateModified\":\"2020-06-24T14:18:39+00:00\",\"breadcrumb\":{\"@id\":\"https:\/\/interfast-advanced.rs\/resenja\/interfonski-sistemi\/#breadcrumb\"},\"inLanguage\":\"en-US\",\"potentialAction\":[{\"@type\":\"ReadAction\",\"target\":[\"https:\/\/interfast-advanced.rs\/resenja\/interfonski-sistemi\/\"]}]},{\"@type\":\"BreadcrumbList\",\"@id\":\"https:\/\/interfast-advanced.rs\/resenja\/interfonski-sistemi\/#breadcrumb\",\"itemListElement\":[{\"@type\":\"ListItem\",\"position\":1,\"name\":\"Home\",\"item\":\"https:\/\/interfast-advanced.rs\/\"},{\"@type\":\"ListItem\",\"position\":2,\"name\":\"Re\u0161enja\",\"item\":\"https:\/\/interfast-advanced.rs\/resenja\/\"},{\"@type\":\"ListItem\",\"position\":3,\"name\":\"Interfonski sistemi\"}]},{\"@type\":\"WebSite\",\"@id\":\"https:\/\/interfast-advanced.rs\/#website\",\"url\":\"https:\/\/interfast-advanced.rs\/\",\"name\":\"INTERFAST Advanced Security Systems d.o.o.\",\"description\":\"Firma \u201eInterfast Advanced Security Systems\u201c se isklju\u010divo bavi sistemima tehni\u010dke za\u0161tite.\",\"publisher\":{\"@id\":\"https:\/\/interfast-advanced.rs\/#organization\"},\"potentialAction\":[{\"@type\":\"SearchAction\",\"target\":{\"@type\":\"EntryPoint\",\"urlTemplate\":\"https:\/\/interfast-advanced.rs\/?s={search_term_string}\"},\"query-input\":{\"@type\":\"PropertyValueSpecification\",\"valueRequired\":true,\"valueName\":\"search_term_string\"}}],\"inLanguage\":\"en-US\"},{\"@type\":\"Organization\",\"@id\":\"https:\/\/interfast-advanced.rs\/#organization\",\"name\":\"Interfast Advanced Security Systems\",\"url\":\"https:\/\/interfast-advanced.rs\/\",\"logo\":{\"@type\":\"ImageObject\",\"inLanguage\":\"en-US\",\"@id\":\"https:\/\/interfast-advanced.rs\/#\/schema\/logo\/image\/\",\"url\":\"https:\/\/interfast-advanced.rs\/wp-content\/uploads\/2021\/01\/Logo.png\",\"contentUrl\":\"https:\/\/interfast-advanced.rs\/wp-content\/uploads\/2021\/01\/Logo.png\",\"width\":250,\"height\":50,\"caption\":\"Interfast Advanced Security Systems\"},\"image\":{\"@id\":\"https:\/\/interfast-advanced.rs\/#\/schema\/logo\/image\/\"},\"sameAs\":[\"https:\/\/www.facebook.com\/InterfastDoo\/\",\"https:\/\/www.linkedin.com\/company\/interfast-advanced-security-systems\/\",\"https:\/\/www.youtube.com\/channel\/UCXCZWi9mfhF_4FH2-b9L8Ag\"]}]}<\/script>\n<!-- \/ Yoast SEO plugin. -->","yoast_head_json":{"title":"Interfonski sistemi - INTERFAST Advanced Security Systems d.o.o.","robots":{"index":"index","follow":"follow","max-snippet":"max-snippet:-1","max-image-preview":"max-image-preview:large","max-video-preview":"max-video-preview:-1"},"canonical":"https:\/\/interfast-advanced.rs\/en\/resenja\/interfonski-sistemi\/","og_locale":"en_US","og_type":"article","og_title":"Interfonski sistemi - INTERFAST Advanced Security Systems d.o.o.","og_url":"https:\/\/interfast-advanced.rs\/en\/resenja\/interfonski-sistemi\/","og_site_name":"INTERFAST Advanced Security Systems d.o.o.","article_publisher":"https:\/\/www.facebook.com\/InterfastDoo\/","article_modified_time":"2020-06-24T14:18:39+00:00","twitter_card":"summary_large_image","twitter_misc":{"Est. reading time":"1 minute"},"schema":{"@context":"https:\/\/schema.org","@graph":[{"@type":"WebPage","@id":"https:\/\/interfast-advanced.rs\/resenja\/interfonski-sistemi\/","url":"https:\/\/interfast-advanced.rs\/resenja\/interfonski-sistemi\/","name":"Interfonski sistemi - INTERFAST Advanced Security Systems d.o.o.","isPartOf":{"@id":"https:\/\/interfast-advanced.rs\/#website"},"datePublished":"2020-06-05T09:22:20+00:00","dateModified":"2020-06-24T14:18:39+00:00","breadcrumb":{"@id":"https:\/\/interfast-advanced.rs\/resenja\/interfonski-sistemi\/#breadcrumb"},"inLanguage":"en-US","potentialAction":[{"@type":"ReadAction","target":["https:\/\/interfast-advanced.rs\/resenja\/interfonski-sistemi\/"]}]},{"@type":"BreadcrumbList","@id":"https:\/\/interfast-advanced.rs\/resenja\/interfonski-sistemi\/#breadcrumb","itemListElement":[{"@type":"ListItem","position":1,"name":"Home","item":"https:\/\/interfast-advanced.rs\/"},{"@type":"ListItem","position":2,"name":"Re\u0161enja","item":"https:\/\/interfast-advanced.rs\/resenja\/"},{"@type":"ListItem","position":3,"name":"Interfonski sistemi"}]},{"@type":"WebSite","@id":"https:\/\/interfast-advanced.rs\/#website","url":"https:\/\/interfast-advanced.rs\/","name":"INTERFAST Advanced Security Systems d.o.o.","description":"Firma \u201eInterfast Advanced Security Systems\u201c se isklju\u010divo bavi sistemima tehni\u010dke za\u0161tite.","publisher":{"@id":"https:\/\/interfast-advanced.rs\/#organization"},"potentialAction":[{"@type":"SearchAction","target":{"@type":"EntryPoint","urlTemplate":"https:\/\/interfast-advanced.rs\/?s={search_term_string}"},"query-input":{"@type":"PropertyValueSpecification","valueRequired":true,"valueName":"search_term_string"}}],"inLanguage":"en-US"},{"@type":"Organization","@id":"https:\/\/interfast-advanced.rs\/#organization","name":"Interfast Advanced Security Systems","url":"https:\/\/interfast-advanced.rs\/","logo":{"@type":"ImageObject","inLanguage":"en-US","@id":"https:\/\/interfast-advanced.rs\/#\/schema\/logo\/image\/","url":"https:\/\/interfast-advanced.rs\/wp-content\/uploads\/2021\/01\/Logo.png","contentUrl":"https:\/\/interfast-advanced.rs\/wp-content\/uploads\/2021\/01\/Logo.png","width":250,"height":50,"caption":"Interfast Advanced Security Systems"},"image":{"@id":"https:\/\/interfast-advanced.rs\/#\/schema\/logo\/image\/"},"sameAs":["https:\/\/www.facebook.com\/InterfastDoo\/","https:\/\/www.linkedin.com\/company\/interfast-advanced-security-systems\/","https:\/\/www.youtube.com\/channel\/UCXCZWi9mfhF_4FH2-b9L8Ag"]}]}},"_links":{"self":[{"href":"https:\/\/interfast-advanced.rs\/en\/wp-json\/wp\/v2\/pages\/1089","targetHints":{"allow":["GET"]}}],"collection":[{"href":"https:\/\/interfast-advanced.rs\/en\/wp-json\/wp\/v2\/pages"}],"about":[{"href":"https:\/\/interfast-advanced.rs\/en\/wp-json\/wp\/v2\/types\/page"}],"author":[{"embeddable":true,"href":"https:\/\/interfast-advanced.rs\/en\/wp-json\/wp\/v2\/users\/1"}],"replies":[{"embeddable":true,"href":"https:\/\/interfast-advanced.rs\/en\/wp-json\/wp\/v2\/comments?post=1089"}],"version-history":[{"count":3,"href":"https:\/\/interfast-advanced.rs\/en\/wp-json\/wp\/v2\/pages\/1089\/revisions"}],"predecessor-version":[{"id":1122,"href":"https:\/\/interfast-advanced.rs\/en\/wp-json\/wp\/v2\/pages\/1089\/revisions\/1122"}],"up":[{"embeddable":true,"href":"https:\/\/interfast-advanced.rs\/en\/wp-json\/wp\/v2\/pages\/859"}],"wp:attachment":[{"href":"https:\/\/interfast-advanced.rs\/en\/wp-json\/wp\/v2\/media?parent=1089"}],"curies":[{"name":"wp","href":"https:\/\/api.w.org\/{rel}","templated":true}]}}