{"id":1019,"date":"2020-05-28T12:07:04","date_gmt":"2020-05-28T10:07:04","guid":{"rendered":"https:\/\/interfast-advanced.rs\/?page_id=1019"},"modified":"2021-01-29T10:27:35","modified_gmt":"2021-01-29T09:27:35","slug":"uslovi-koriscenja","status":"publish","type":"page","link":"https:\/\/interfast-advanced.rs\/en\/uslovi-koriscenja\/","title":{"rendered":"Terms of use"},"content":{"rendered":"<section class=\"wpb_row vc_row-fluid\"><div class=\"container\"><div class=\"row\"><div class=\"wpb_column vc_column_container vc_col-sm-12 vc_col-lg-3\/5 vc_col-md-3\/5\"><div class=\"vc_column-inner\"><div class=\"wpb_wrapper\"  >\n\t<div class=\"wpb_text_column wpb_content_element  text-color-post\" >\n\t\t<div class=\"wpb_wrapper\">\n\t\t\t<blockquote><p>\nInternet sajt na adresi www.interfast-advanced.rs vlasni\u0161tvo je privatne kompanije Interfast Advanced Security Systems. Kori\u0161\u0107enjem ovog Internet sajta pristajete na uslove i pravila koji slede.\n<\/p><\/blockquote>\n<p>Uredni\u0161tvo sajta Interfasta Advanced Security Systems ula\u017ee maksimalne napore da objavljeni podaci budu ta\u010dni i a\u017eurni, ali ne mo\u017ee da preuzme odgovornost za eventualne gre\u0161ke nastale prilikom unosa. Interfast Advanced Security Systems ne garantuje za ta\u010dnost ili potpunost podataka, tako da korisnici sajta koriste sadr\u017eaj sajta na sopstvenu odgovornost. Interfast Advanced Security Systems mo\u017ee da izvr\u0161i promene na ovom sajtu u bilo kom trenutku, bez prethodnog obave\u0161tenja.<\/p>\n<p>Materijale (tekstove, fotografije i multimediju) sa ovog sajta ne mo\u017eete da menjate na bilo koji na\u010din, odnosno da ih reprodukujete ili javno prikazujete ili distribuirate, odnosno na drugi na\u010din koristite u javne ili komercijalne svrhe, bez dozvole Interfasta Advanced Security Systems. Materijali na ovom sajtu za\u0161ti\u0107eni su autorskim pravima i svako neovla\u0161\u0107eno kori\u0161\u0107enje mo\u017ee predstavljati kr\u0161enje zakona o autorskim pravima, \u017eigu ili drugih zakona.<\/p>\n<p>Interfast Advanced Security Systems vas ovla\u0161\u0107uje da pregledate i preuzimate materijale sa ovog sajta samo za va\u0161e li\u010dne, nekomercijalne potrebe, pod uslovom da zadr\u017eite sve napomene o autorskim pravima.<\/p>\n<p>Svi tekstovi i ilustracije na sajtu su samo informativnog karaktera i ne mogu biti predmet bilo kakve obaveze vlasnika sajta prema posetiocima sajta. Materijali objavljeni na ovom sajtu dati su \u201ctakvi kakvi jesu\u201d, bez bilo kakvih garancija.<\/p>\n<p>Mo\u017eete da napravite veze ka ovom sajtu sa drugih sajtova, ali tako da te veze i sajtovi:<\/p>\n<ul>\n<li>ne smeju na pogre\u0161an na\u010din da predstavljaju odnos sa Interfastom Advanced Security Systems,<\/li>\n<li>ne koriste logotip Interfasta Advanced Security Systems bez dozvole,<\/li>\n<li>ne sadr\u017ee ne\u0161to \u0161to bi se moglo protuma\u010diti kao neukusan, uvredljiv ili kontroverzan sadr\u017eaj.<\/li>\n<\/ul>\n\n\t\t<\/div>\n\t<\/div>\n<\/div><\/div><\/div><\/div><\/div><\/section>","protected":false},"excerpt":{"rendered":"Internet sajt na adresi www.interfast-advanced.rs vlasni\u0161tvo je privatne kompanije Interfast Advanced Security Systems. Kori\u0161\u0107enjem ovog Internet sajta pristajete na uslove i pravila koji slede. Uredni\u0161tvo sajta Interfasta Advanced Security Systems ula\u017ee maksimalne napore da objavljeni podaci budu ta\u010dni i a\u017eurni, ali ne mo\u017ee da preuzme odgovornost za eventualne gre\u0161ke nastale prilikom unosa. Interfast Advanced Security [...]","protected":false},"author":1,"featured_media":0,"parent":0,"menu_order":210,"comment_status":"closed","ping_status":"closed","template":"","meta":{"_monsterinsights_skip_tracking":false,"_monsterinsights_sitenote_active":false,"_monsterinsights_sitenote_note":"","_monsterinsights_sitenote_category":0,"_uf_show_specific_survey":0,"_uf_disable_surveys":false,"footnotes":""},"class_list":["post-1019","page","type-page","status-publish","hentry"],"yoast_head":"<!-- This site is optimized with the Yoast SEO plugin v26.3 - https:\/\/yoast.com\/wordpress\/plugins\/seo\/ -->\n<title>Uslovi kori\u0161\u0107enja - INTERFAST Advanced Security Systems d.o.o.<\/title>\n<meta name=\"robots\" content=\"index, follow, max-snippet:-1, max-image-preview:large, max-video-preview:-1\" \/>\n<link rel=\"canonical\" href=\"https:\/\/interfast-advanced.rs\/en\/uslovi-koriscenja\/\" \/>\n<meta property=\"og:locale\" content=\"en_US\" \/>\n<meta property=\"og:type\" content=\"article\" \/>\n<meta property=\"og:title\" content=\"Uslovi kori\u0161\u0107enja - INTERFAST Advanced Security Systems d.o.o.\" \/>\n<meta property=\"og:url\" content=\"https:\/\/interfast-advanced.rs\/en\/uslovi-koriscenja\/\" \/>\n<meta property=\"og:site_name\" content=\"INTERFAST Advanced Security Systems d.o.o.\" \/>\n<meta property=\"article:publisher\" content=\"https:\/\/www.facebook.com\/InterfastDoo\/\" \/>\n<meta property=\"article:modified_time\" content=\"2021-01-29T09:27:35+00:00\" \/>\n<meta name=\"twitter:card\" content=\"summary_large_image\" \/>\n<meta name=\"twitter:label1\" content=\"Est. reading time\" \/>\n\t<meta name=\"twitter:data1\" content=\"2 minutes\" \/>\n<script type=\"application\/ld+json\" class=\"yoast-schema-graph\">{\"@context\":\"https:\/\/schema.org\",\"@graph\":[{\"@type\":\"WebPage\",\"@id\":\"https:\/\/interfast-advanced.rs\/uslovi-koriscenja\/\",\"url\":\"https:\/\/interfast-advanced.rs\/uslovi-koriscenja\/\",\"name\":\"Uslovi kori\u0161\u0107enja - INTERFAST Advanced Security Systems d.o.o.\",\"isPartOf\":{\"@id\":\"https:\/\/interfast-advanced.rs\/#website\"},\"datePublished\":\"2020-05-28T10:07:04+00:00\",\"dateModified\":\"2021-01-29T09:27:35+00:00\",\"breadcrumb\":{\"@id\":\"https:\/\/interfast-advanced.rs\/uslovi-koriscenja\/#breadcrumb\"},\"inLanguage\":\"en-US\",\"potentialAction\":[{\"@type\":\"ReadAction\",\"target\":[\"https:\/\/interfast-advanced.rs\/uslovi-koriscenja\/\"]}]},{\"@type\":\"BreadcrumbList\",\"@id\":\"https:\/\/interfast-advanced.rs\/uslovi-koriscenja\/#breadcrumb\",\"itemListElement\":[{\"@type\":\"ListItem\",\"position\":1,\"name\":\"Home\",\"item\":\"https:\/\/interfast-advanced.rs\/\"},{\"@type\":\"ListItem\",\"position\":2,\"name\":\"Uslovi kori\u0161\u0107enja\"}]},{\"@type\":\"WebSite\",\"@id\":\"https:\/\/interfast-advanced.rs\/#website\",\"url\":\"https:\/\/interfast-advanced.rs\/\",\"name\":\"INTERFAST Advanced Security Systems d.o.o.\",\"description\":\"Firma \u201eInterfast Advanced Security Systems\u201c se isklju\u010divo bavi sistemima tehni\u010dke za\u0161tite.\",\"publisher\":{\"@id\":\"https:\/\/interfast-advanced.rs\/#organization\"},\"potentialAction\":[{\"@type\":\"SearchAction\",\"target\":{\"@type\":\"EntryPoint\",\"urlTemplate\":\"https:\/\/interfast-advanced.rs\/?s={search_term_string}\"},\"query-input\":{\"@type\":\"PropertyValueSpecification\",\"valueRequired\":true,\"valueName\":\"search_term_string\"}}],\"inLanguage\":\"en-US\"},{\"@type\":\"Organization\",\"@id\":\"https:\/\/interfast-advanced.rs\/#organization\",\"name\":\"Interfast Advanced Security Systems\",\"url\":\"https:\/\/interfast-advanced.rs\/\",\"logo\":{\"@type\":\"ImageObject\",\"inLanguage\":\"en-US\",\"@id\":\"https:\/\/interfast-advanced.rs\/#\/schema\/logo\/image\/\",\"url\":\"https:\/\/interfast-advanced.rs\/wp-content\/uploads\/2021\/01\/Logo.png\",\"contentUrl\":\"https:\/\/interfast-advanced.rs\/wp-content\/uploads\/2021\/01\/Logo.png\",\"width\":250,\"height\":50,\"caption\":\"Interfast Advanced Security Systems\"},\"image\":{\"@id\":\"https:\/\/interfast-advanced.rs\/#\/schema\/logo\/image\/\"},\"sameAs\":[\"https:\/\/www.facebook.com\/InterfastDoo\/\",\"https:\/\/www.linkedin.com\/company\/interfast-advanced-security-systems\/\",\"https:\/\/www.youtube.com\/channel\/UCXCZWi9mfhF_4FH2-b9L8Ag\"]}]}<\/script>\n<!-- \/ Yoast SEO plugin. -->","yoast_head_json":{"title":"Uslovi kori\u0161\u0107enja - INTERFAST Advanced Security Systems d.o.o.","robots":{"index":"index","follow":"follow","max-snippet":"max-snippet:-1","max-image-preview":"max-image-preview:large","max-video-preview":"max-video-preview:-1"},"canonical":"https:\/\/interfast-advanced.rs\/en\/uslovi-koriscenja\/","og_locale":"en_US","og_type":"article","og_title":"Uslovi kori\u0161\u0107enja - INTERFAST Advanced Security Systems d.o.o.","og_url":"https:\/\/interfast-advanced.rs\/en\/uslovi-koriscenja\/","og_site_name":"INTERFAST Advanced Security Systems d.o.o.","article_publisher":"https:\/\/www.facebook.com\/InterfastDoo\/","article_modified_time":"2021-01-29T09:27:35+00:00","twitter_card":"summary_large_image","twitter_misc":{"Est. reading time":"2 minutes"},"schema":{"@context":"https:\/\/schema.org","@graph":[{"@type":"WebPage","@id":"https:\/\/interfast-advanced.rs\/uslovi-koriscenja\/","url":"https:\/\/interfast-advanced.rs\/uslovi-koriscenja\/","name":"Uslovi kori\u0161\u0107enja - INTERFAST Advanced Security Systems d.o.o.","isPartOf":{"@id":"https:\/\/interfast-advanced.rs\/#website"},"datePublished":"2020-05-28T10:07:04+00:00","dateModified":"2021-01-29T09:27:35+00:00","breadcrumb":{"@id":"https:\/\/interfast-advanced.rs\/uslovi-koriscenja\/#breadcrumb"},"inLanguage":"en-US","potentialAction":[{"@type":"ReadAction","target":["https:\/\/interfast-advanced.rs\/uslovi-koriscenja\/"]}]},{"@type":"BreadcrumbList","@id":"https:\/\/interfast-advanced.rs\/uslovi-koriscenja\/#breadcrumb","itemListElement":[{"@type":"ListItem","position":1,"name":"Home","item":"https:\/\/interfast-advanced.rs\/"},{"@type":"ListItem","position":2,"name":"Uslovi kori\u0161\u0107enja"}]},{"@type":"WebSite","@id":"https:\/\/interfast-advanced.rs\/#website","url":"https:\/\/interfast-advanced.rs\/","name":"INTERFAST Advanced Security Systems d.o.o.","description":"Firma \u201eInterfast Advanced Security Systems\u201c se isklju\u010divo bavi sistemima tehni\u010dke za\u0161tite.","publisher":{"@id":"https:\/\/interfast-advanced.rs\/#organization"},"potentialAction":[{"@type":"SearchAction","target":{"@type":"EntryPoint","urlTemplate":"https:\/\/interfast-advanced.rs\/?s={search_term_string}"},"query-input":{"@type":"PropertyValueSpecification","valueRequired":true,"valueName":"search_term_string"}}],"inLanguage":"en-US"},{"@type":"Organization","@id":"https:\/\/interfast-advanced.rs\/#organization","name":"Interfast Advanced Security Systems","url":"https:\/\/interfast-advanced.rs\/","logo":{"@type":"ImageObject","inLanguage":"en-US","@id":"https:\/\/interfast-advanced.rs\/#\/schema\/logo\/image\/","url":"https:\/\/interfast-advanced.rs\/wp-content\/uploads\/2021\/01\/Logo.png","contentUrl":"https:\/\/interfast-advanced.rs\/wp-content\/uploads\/2021\/01\/Logo.png","width":250,"height":50,"caption":"Interfast Advanced Security Systems"},"image":{"@id":"https:\/\/interfast-advanced.rs\/#\/schema\/logo\/image\/"},"sameAs":["https:\/\/www.facebook.com\/InterfastDoo\/","https:\/\/www.linkedin.com\/company\/interfast-advanced-security-systems\/","https:\/\/www.youtube.com\/channel\/UCXCZWi9mfhF_4FH2-b9L8Ag"]}]}},"_links":{"self":[{"href":"https:\/\/interfast-advanced.rs\/en\/wp-json\/wp\/v2\/pages\/1019","targetHints":{"allow":["GET"]}}],"collection":[{"href":"https:\/\/interfast-advanced.rs\/en\/wp-json\/wp\/v2\/pages"}],"about":[{"href":"https:\/\/interfast-advanced.rs\/en\/wp-json\/wp\/v2\/types\/page"}],"author":[{"embeddable":true,"href":"https:\/\/interfast-advanced.rs\/en\/wp-json\/wp\/v2\/users\/1"}],"replies":[{"embeddable":true,"href":"https:\/\/interfast-advanced.rs\/en\/wp-json\/wp\/v2\/comments?post=1019"}],"version-history":[{"count":3,"href":"https:\/\/interfast-advanced.rs\/en\/wp-json\/wp\/v2\/pages\/1019\/revisions"}],"predecessor-version":[{"id":1469,"href":"https:\/\/interfast-advanced.rs\/en\/wp-json\/wp\/v2\/pages\/1019\/revisions\/1469"}],"wp:attachment":[{"href":"https:\/\/interfast-advanced.rs\/en\/wp-json\/wp\/v2\/media?parent=1019"}],"curies":[{"name":"wp","href":"https:\/\/api.w.org\/{rel}","templated":true}]}}